{"id":7347,"date":"2018-04-26T18:59:20","date_gmt":"2018-04-26T18:59:20","guid":{"rendered":"https:\/\/www.studioh.com.ve\/Home\/alianzas\/"},"modified":"2025-12-17T18:20:34","modified_gmt":"2025-12-17T18:20:34","slug":"marketing-diseno-web-alianza-estrategica-yellow-digital-abstracta","status":"publish","type":"page","link":"https:\/\/www.studioh.com.ve\/Home\/marketing-diseno-web-alianza-estrategica-yellow-digital-abstracta\/","title":{"rendered":"Alianzas"},"content":{"rendered":"<p>wordpress\t\t\t\t\t\t\t\t\t\t\t\t\t\t<\/p>\n<p><!-- .container --><br \/>\n\t\t\t\t\t\t\t\t <!-- .overlay --><\/p>\n<p>Alianzas<br \/>\n\t\t\t\t\t\t\t\t\t\t\t\t\t\t\t\t\t\t\t\t\t\tEn Abstracta trabajamos con Yellow Agencia Digital; integraci\u00f3n que nos permite fusionar nuestros conocimientos en mercadotecnia, creaci\u00f3n de imagen y desarrollo web en un mismo servicio.<\/p>\n<p><img loading=\"lazy\" decoding=\"async\" width=\"450\" height=\"338\" src=\"https:\/\/www.studioh.com.ve\/Home\/wp-content\/uploads\/2018\/05\/Contenido-1-Yellow.jpg\" \/>\t\t\t\t\t\t\t\t\t\t\t\t\t\t\t\t\t\t\t\t\t\t\t<\/p>\n<p>Creaci\u00f3n de Imagen<br \/>\n\t\t\t\t\t\t\t\t\t\t\t\t\t\t\t\t\t\t\t\t\t\t\t\t\t\t\t\t\t\t\t\t\t\t\t\t\tNos encargamos de todo lo referente a estudios de mercado, an\u00e1lisis de la competencia, posicionamiento SEO y SEM, constituci\u00f3n y optimizaci\u00f3n de los archivos de im\u00e1genes a utilizarse, redacciones de textos -entre otras actividades- para seguidamente enlazarnos con los ingenieros de Yellow, a quienes les facilitamos todo lo referente a &#8220;contenidos&#8221; (los que han sido ya previamente evaluados y aprobados por el cliente) para que ellos se dediquen en exclusivo al trabajo de programaci\u00f3n sin tener que incurrir en dilaciones hasta que sea completado el briefing del proyecto y los ajustes del plan de marketing que lo respalda (causa principal que ralentiza la puesta en marcha de la mayor\u00eda de los proyectos web)<\/p>\n<p><img loading=\"lazy\" decoding=\"async\" width=\"450\" height=\"338\" src=\"https:\/\/www.studioh.com.ve\/Home\/wp-content\/uploads\/2018\/05\/Contenido-2-Yellow.jpg\" \/>\t\t\t\t\t\t\t\t\t\t\t\t\t\t\t\t\t\t\t\t\t\t\t<\/p>\n<p>Desarrollo<br \/>\n\t\t\t\t\t\t\t\t\t\t\t\t\t\t\t\t\t\t\t\t\t\t\t\t\t\t\t\t\t\t\t\t\t\t\t\t\tUna vez recibida toda la informaci\u00f3n necesaria que explica la log\u00edstica a la que se ce\u00f1ir\u00e1 el sitio web del cliente, se procede a su implementaci\u00f3n&nbsp;que va desde la programaci\u00f3n del tema, su interfase, inserci\u00f3n de contenidos, revisi\u00f3n de todos los c\u00f3digos empleados a nivel de CSS, HTML, Javascript y todas las funcionalidades que han sido requeridas como base de datos, registro de usuarios, intranet, ecommerce, cat\u00e1logos y formularios entre otros.Vale mencionar que a todos nuestros proyectos se les asigna una actividad especialmente focalizada en la seguridad&nbsp;e integridad&nbsp;del sitio web y le ofrecemos la inclusi\u00f3n de p\u00e1ginas del tipo landing page con el objeto de respaldar toda campa\u00f1a publicitaria que se realice en la Internet (mayor informaci\u00f3n en la secci\u00f3n &#8220;<a href=\"https:\/\/www.studioh.com.ve\/Home\/estrategias-seo-branding\/\">SEO<\/a>&#8220;)&nbsp;<\/p>\n<p><!-- \/row --><\/p>\n<p><img decoding=\"async\" src=\"\/\/www.studioh.com.ve\/Home\/wp-content\/uploads\/2018\/12\/Slider-12.jpg\"><br \/>\nSlider 12Contando con un portafolio con m\u00e1s de 200 sitios web desarrollados exitosamente en Venezuela, Espa\u00f1a, Panam\u00e1 y Colombia por lo que le garantizamos que su proyecto le brindar\u00e1 los resultados que espera del mismo.<br \/>\n<a target=\"_blank\" href=\"http:\/\/www.yellowagenciadigital.com\/\">Visitar a Yellow<\/a><\/p>\n","protected":false},"excerpt":{"rendered":"<p class=\"excerpt\">wordpress Alianzas En Abstracta trabajamos con Yellow Agencia Digital; integraci\u00f3n que nos permite fusionar nuestros conocimientos en mercadotecnia, creaci\u00f3n de imagen y desarrollo web en un mismo servicio. Creaci\u00f3n de Imagen Nos encargamos de todo lo referente a estudios de mercado, an\u00e1lisis de la competencia, posicionamiento SEO y SEM, constituci\u00f3n y optimizaci\u00f3n de los archivos [&hellip;]<\/p>\n","protected":false},"author":5,"featured_media":0,"parent":0,"menu_order":0,"comment_status":"closed","ping_status":"closed","template":"builder.php","meta":{"footnotes":""},"class_list":["post-7347","page","type-page","status-publish","hentry"],"yoast_head":"<!-- This site is optimized with the Yoast SEO plugin v27.2 - https:\/\/yoast.com\/product\/yoast-seo-wordpress\/ -->\n<title>Yellow Digital &amp; Abstracta Marketing - Dise\u00f1o Web | Alianza Estrat\u00e9gica<\/title>\n<meta name=\"description\" content=\"Alianza estrat\u00e9gica a nivel de marketing SEO y SEM con la agencia Yellow para generar sinergia en el dise\u00f1o de sitios web. M\u00e1s de 120 sitios web publicados\" \/>\n<meta name=\"robots\" content=\"index, follow, max-snippet:-1, max-image-preview:large, max-video-preview:-1\" \/>\n<link rel=\"canonical\" href=\"https:\/\/www.studioh.com.ve\/Home\/marketing-diseno-web-alianza-estrategica-yellow-digital-abstracta\/\" \/>\n<meta property=\"og:locale\" content=\"es_ES\" \/>\n<meta property=\"og:type\" content=\"article\" \/>\n<meta property=\"og:title\" content=\"Yellow Digital &amp; Abstracta Marketing - Dise\u00f1o Web | Alianza Estrat\u00e9gica\" \/>\n<meta property=\"og:description\" content=\"Alianza estrat\u00e9gica a nivel de marketing SEO y SEM con la agencia Yellow para generar sinergia en el dise\u00f1o de sitios web. M\u00e1s de 120 sitios web publicados\" \/>\n<meta property=\"og:url\" content=\"https:\/\/www.studioh.com.ve\/Home\/marketing-diseno-web-alianza-estrategica-yellow-digital-abstracta\/\" \/>\n<meta property=\"og:site_name\" content=\"Abstracta Marketing\" \/>\n<meta property=\"article:publisher\" content=\"https:\/\/www.facebook.com\/AbstractaCreative\" \/>\n<meta property=\"article:modified_time\" content=\"2025-12-17T18:20:34+00:00\" \/>\n<meta property=\"og:image\" content=\"https:\/\/www.studioh.com.ve\/Home\/wp-content\/uploads\/2018\/05\/Contenido-1-Yellow.jpg\" \/>\n<meta name=\"twitter:card\" content=\"summary_large_image\" \/>\n<meta name=\"twitter:site\" content=\"@AbstractaCM\" \/>\n<meta name=\"twitter:label1\" content=\"Tiempo de lectura\" \/>\n\t<meta name=\"twitter:data1\" content=\"2 minutos\" \/>\n<script type=\"application\/ld+json\" class=\"yoast-schema-graph\">{\"@context\":\"https:\/\/schema.org\",\"@graph\":[{\"@type\":\"WebPage\",\"@id\":\"https:\/\/www.studioh.com.ve\/Home\/marketing-diseno-web-alianza-estrategica-yellow-digital-abstracta\/\",\"url\":\"https:\/\/www.studioh.com.ve\/Home\/marketing-diseno-web-alianza-estrategica-yellow-digital-abstracta\/\",\"name\":\"Yellow Digital & Abstracta Marketing - Dise\u00f1o Web | Alianza Estrat\u00e9gica\",\"isPartOf\":{\"@id\":\"https:\/\/www.studioh.com.ve\/Home\/#website\"},\"primaryImageOfPage\":{\"@id\":\"https:\/\/www.studioh.com.ve\/Home\/marketing-diseno-web-alianza-estrategica-yellow-digital-abstracta\/#primaryimage\"},\"image\":{\"@id\":\"https:\/\/www.studioh.com.ve\/Home\/marketing-diseno-web-alianza-estrategica-yellow-digital-abstracta\/#primaryimage\"},\"thumbnailUrl\":\"https:\/\/www.studioh.com.ve\/Home\/wp-content\/uploads\/2018\/05\/Contenido-1-Yellow.jpg\",\"datePublished\":\"2018-04-26T18:59:20+00:00\",\"dateModified\":\"2025-12-17T18:20:34+00:00\",\"description\":\"Alianza estrat\u00e9gica a nivel de marketing SEO y SEM con la agencia Yellow para generar sinergia en el dise\u00f1o de sitios web. M\u00e1s de 120 sitios web publicados\",\"breadcrumb\":{\"@id\":\"https:\/\/www.studioh.com.ve\/Home\/marketing-diseno-web-alianza-estrategica-yellow-digital-abstracta\/#breadcrumb\"},\"inLanguage\":\"es\",\"potentialAction\":[{\"@type\":\"ReadAction\",\"target\":[\"https:\/\/www.studioh.com.ve\/Home\/marketing-diseno-web-alianza-estrategica-yellow-digital-abstracta\/\"]}]},{\"@type\":\"ImageObject\",\"inLanguage\":\"es\",\"@id\":\"https:\/\/www.studioh.com.ve\/Home\/marketing-diseno-web-alianza-estrategica-yellow-digital-abstracta\/#primaryimage\",\"url\":\"https:\/\/www.studioh.com.ve\/Home\/wp-content\/uploads\/2018\/05\/Contenido-1-Yellow.jpg\",\"contentUrl\":\"https:\/\/www.studioh.com.ve\/Home\/wp-content\/uploads\/2018\/05\/Contenido-1-Yellow.jpg\",\"width\":450,\"height\":338},{\"@type\":\"BreadcrumbList\",\"@id\":\"https:\/\/www.studioh.com.ve\/Home\/marketing-diseno-web-alianza-estrategica-yellow-digital-abstracta\/#breadcrumb\",\"itemListElement\":[{\"@type\":\"ListItem\",\"position\":1,\"name\":\"Creaci\u00f3n de Imagen para la Internet de Hoy\",\"item\":\"https:\/\/www.studioh.com.ve\/Home\/\"},{\"@type\":\"ListItem\",\"position\":2,\"name\":\"Alianzas\"}]},{\"@type\":\"WebSite\",\"@id\":\"https:\/\/www.studioh.com.ve\/Home\/#website\",\"url\":\"https:\/\/www.studioh.com.ve\/Home\/\",\"name\":\"Abstracta Marketing\",\"description\":\"Agencia Dedicada al Marketing Digital\",\"publisher\":{\"@id\":\"https:\/\/www.studioh.com.ve\/Home\/#organization\"},\"potentialAction\":[{\"@type\":\"SearchAction\",\"target\":{\"@type\":\"EntryPoint\",\"urlTemplate\":\"https:\/\/www.studioh.com.ve\/Home\/?s={search_term_string}\"},\"query-input\":{\"@type\":\"PropertyValueSpecification\",\"valueRequired\":true,\"valueName\":\"search_term_string\"}}],\"inLanguage\":\"es\"},{\"@type\":\"Organization\",\"@id\":\"https:\/\/www.studioh.com.ve\/Home\/#organization\",\"name\":\"Abstracta Marketing\",\"url\":\"https:\/\/www.studioh.com.ve\/Home\/\",\"logo\":{\"@type\":\"ImageObject\",\"inLanguage\":\"es\",\"@id\":\"https:\/\/www.studioh.com.ve\/Home\/#\/schema\/logo\/image\/\",\"url\":\"https:\/\/www.studioh.com.ve\/Home\/wp-content\/uploads\/2016\/09\/logo-studio-h.png\",\"contentUrl\":\"https:\/\/www.studioh.com.ve\/Home\/wp-content\/uploads\/2016\/09\/logo-studio-h.png\",\"width\":120,\"height\":120,\"caption\":\"Abstracta Marketing\"},\"image\":{\"@id\":\"https:\/\/www.studioh.com.ve\/Home\/#\/schema\/logo\/image\/\"},\"sameAs\":[\"https:\/\/www.facebook.com\/AbstractaCreative\",\"https:\/\/x.com\/AbstractaCM\",\"https:\/\/www.instagram.com\/abstractacreative\/\",\"https:\/\/www.linkedin.com\/in\/juan-carlos-hazanow-8b330896\/\",\"https:\/\/www.pinterest.es\/studiohabstracta\/\",\"https:\/\/www.youtube.com\/user\/studiohabstracta?feature=mhee\"]}]}<\/script>\n<!-- \/ Yoast SEO plugin. -->","yoast_head_json":{"title":"Yellow Digital & Abstracta Marketing - Dise\u00f1o Web | Alianza Estrat\u00e9gica","description":"Alianza estrat\u00e9gica a nivel de marketing SEO y SEM con la agencia Yellow para generar sinergia en el dise\u00f1o de sitios web. M\u00e1s de 120 sitios web publicados","robots":{"index":"index","follow":"follow","max-snippet":"max-snippet:-1","max-image-preview":"max-image-preview:large","max-video-preview":"max-video-preview:-1"},"canonical":"https:\/\/www.studioh.com.ve\/Home\/marketing-diseno-web-alianza-estrategica-yellow-digital-abstracta\/","og_locale":"es_ES","og_type":"article","og_title":"Yellow Digital & Abstracta Marketing - Dise\u00f1o Web | Alianza Estrat\u00e9gica","og_description":"Alianza estrat\u00e9gica a nivel de marketing SEO y SEM con la agencia Yellow para generar sinergia en el dise\u00f1o de sitios web. M\u00e1s de 120 sitios web publicados","og_url":"https:\/\/www.studioh.com.ve\/Home\/marketing-diseno-web-alianza-estrategica-yellow-digital-abstracta\/","og_site_name":"Abstracta Marketing","article_publisher":"https:\/\/www.facebook.com\/AbstractaCreative","article_modified_time":"2025-12-17T18:20:34+00:00","og_image":[{"url":"https:\/\/www.studioh.com.ve\/Home\/wp-content\/uploads\/2018\/05\/Contenido-1-Yellow.jpg","type":"","width":"","height":""}],"twitter_card":"summary_large_image","twitter_site":"@AbstractaCM","twitter_misc":{"Tiempo de lectura":"2 minutos"},"schema":{"@context":"https:\/\/schema.org","@graph":[{"@type":"WebPage","@id":"https:\/\/www.studioh.com.ve\/Home\/marketing-diseno-web-alianza-estrategica-yellow-digital-abstracta\/","url":"https:\/\/www.studioh.com.ve\/Home\/marketing-diseno-web-alianza-estrategica-yellow-digital-abstracta\/","name":"Yellow Digital & Abstracta Marketing - Dise\u00f1o Web | Alianza Estrat\u00e9gica","isPartOf":{"@id":"https:\/\/www.studioh.com.ve\/Home\/#website"},"primaryImageOfPage":{"@id":"https:\/\/www.studioh.com.ve\/Home\/marketing-diseno-web-alianza-estrategica-yellow-digital-abstracta\/#primaryimage"},"image":{"@id":"https:\/\/www.studioh.com.ve\/Home\/marketing-diseno-web-alianza-estrategica-yellow-digital-abstracta\/#primaryimage"},"thumbnailUrl":"https:\/\/www.studioh.com.ve\/Home\/wp-content\/uploads\/2018\/05\/Contenido-1-Yellow.jpg","datePublished":"2018-04-26T18:59:20+00:00","dateModified":"2025-12-17T18:20:34+00:00","description":"Alianza estrat\u00e9gica a nivel de marketing SEO y SEM con la agencia Yellow para generar sinergia en el dise\u00f1o de sitios web. M\u00e1s de 120 sitios web publicados","breadcrumb":{"@id":"https:\/\/www.studioh.com.ve\/Home\/marketing-diseno-web-alianza-estrategica-yellow-digital-abstracta\/#breadcrumb"},"inLanguage":"es","potentialAction":[{"@type":"ReadAction","target":["https:\/\/www.studioh.com.ve\/Home\/marketing-diseno-web-alianza-estrategica-yellow-digital-abstracta\/"]}]},{"@type":"ImageObject","inLanguage":"es","@id":"https:\/\/www.studioh.com.ve\/Home\/marketing-diseno-web-alianza-estrategica-yellow-digital-abstracta\/#primaryimage","url":"https:\/\/www.studioh.com.ve\/Home\/wp-content\/uploads\/2018\/05\/Contenido-1-Yellow.jpg","contentUrl":"https:\/\/www.studioh.com.ve\/Home\/wp-content\/uploads\/2018\/05\/Contenido-1-Yellow.jpg","width":450,"height":338},{"@type":"BreadcrumbList","@id":"https:\/\/www.studioh.com.ve\/Home\/marketing-diseno-web-alianza-estrategica-yellow-digital-abstracta\/#breadcrumb","itemListElement":[{"@type":"ListItem","position":1,"name":"Creaci\u00f3n de Imagen para la Internet de Hoy","item":"https:\/\/www.studioh.com.ve\/Home\/"},{"@type":"ListItem","position":2,"name":"Alianzas"}]},{"@type":"WebSite","@id":"https:\/\/www.studioh.com.ve\/Home\/#website","url":"https:\/\/www.studioh.com.ve\/Home\/","name":"Abstracta Marketing","description":"Agencia Dedicada al Marketing Digital","publisher":{"@id":"https:\/\/www.studioh.com.ve\/Home\/#organization"},"potentialAction":[{"@type":"SearchAction","target":{"@type":"EntryPoint","urlTemplate":"https:\/\/www.studioh.com.ve\/Home\/?s={search_term_string}"},"query-input":{"@type":"PropertyValueSpecification","valueRequired":true,"valueName":"search_term_string"}}],"inLanguage":"es"},{"@type":"Organization","@id":"https:\/\/www.studioh.com.ve\/Home\/#organization","name":"Abstracta Marketing","url":"https:\/\/www.studioh.com.ve\/Home\/","logo":{"@type":"ImageObject","inLanguage":"es","@id":"https:\/\/www.studioh.com.ve\/Home\/#\/schema\/logo\/image\/","url":"https:\/\/www.studioh.com.ve\/Home\/wp-content\/uploads\/2016\/09\/logo-studio-h.png","contentUrl":"https:\/\/www.studioh.com.ve\/Home\/wp-content\/uploads\/2016\/09\/logo-studio-h.png","width":120,"height":120,"caption":"Abstracta Marketing"},"image":{"@id":"https:\/\/www.studioh.com.ve\/Home\/#\/schema\/logo\/image\/"},"sameAs":["https:\/\/www.facebook.com\/AbstractaCreative","https:\/\/x.com\/AbstractaCM","https:\/\/www.instagram.com\/abstractacreative\/","https:\/\/www.linkedin.com\/in\/juan-carlos-hazanow-8b330896\/","https:\/\/www.pinterest.es\/studiohabstracta\/","https:\/\/www.youtube.com\/user\/studiohabstracta?feature=mhee"]}]}},"_links":{"self":[{"href":"https:\/\/www.studioh.com.ve\/Home\/wp-json\/wp\/v2\/pages\/7347","targetHints":{"allow":["GET"]}}],"collection":[{"href":"https:\/\/www.studioh.com.ve\/Home\/wp-json\/wp\/v2\/pages"}],"about":[{"href":"https:\/\/www.studioh.com.ve\/Home\/wp-json\/wp\/v2\/types\/page"}],"author":[{"embeddable":true,"href":"https:\/\/www.studioh.com.ve\/Home\/wp-json\/wp\/v2\/users\/5"}],"replies":[{"embeddable":true,"href":"https:\/\/www.studioh.com.ve\/Home\/wp-json\/wp\/v2\/comments?post=7347"}],"version-history":[{"count":54,"href":"https:\/\/www.studioh.com.ve\/Home\/wp-json\/wp\/v2\/pages\/7347\/revisions"}],"predecessor-version":[{"id":22941,"href":"https:\/\/www.studioh.com.ve\/Home\/wp-json\/wp\/v2\/pages\/7347\/revisions\/22941"}],"wp:attachment":[{"href":"https:\/\/www.studioh.com.ve\/Home\/wp-json\/wp\/v2\/media?parent=7347"}],"curies":[{"name":"wp","href":"https:\/\/api.w.org\/{rel}","templated":true}]}}