{"id":3440,"date":"2016-11-21T22:53:40","date_gmt":"2016-11-21T22:53:40","guid":{"rendered":"http:\/\/www.studioh.com.ve\/Home\/copy\/"},"modified":"2025-12-17T18:20:34","modified_gmt":"2025-12-17T18:20:34","slug":"diseno-pagina-web-en-wordpress-caracas-venezuela","status":"publish","type":"page","link":"https:\/\/www.studioh.com.ve\/Home\/diseno-pagina-web-en-wordpress-caracas-venezuela\/","title":{"rendered":"Desarrollo Web"},"content":{"rendered":"<p><a href=\"#more\"><\/p>\n<p>Dise\u00f1o Web\t\t\t\t\t\t\t\t\t\t\t\t\t\t<\/p>\n<p><!-- .container --><br \/>\n\t\t\t\t\t\t\t\t <!-- .overlay --><\/p>\n<p><\/a><\/p>\n<p><img loading=\"lazy\" decoding=\"async\" width=\"450\" height=\"338\" src=\"https:\/\/www.studioh.com.ve\/Home\/wp-content\/uploads\/2023\/08\/Contenido-Programacion-00.jpg\" \/>\t\t\t\t\t\t\t\t\t\t\t\t\t\t\t\t\t\t\t\t\t\t\t<\/p>\n<p>PHP<br \/>\n\t\t\t\t\t\t\t\t\t\t\t\t\t\t\t\t\t\t\t\t\t\t\t\t\t\t\t\t\t\t\t\t\t\t\t\t\tEl lenguaje con el se comunica su p\u00e1gina con el servidor que le ofrece su servicio hosting se fundamenta en PHP y la importancia de estar familiarizados con el mismo es vital para la funcionalidad de su sito web.Este conocimiento y la experiencia que tenemos se haya incluida en cada uno de nuestros desarrollos.*Reunimos el conocimiento necesario para la programaci\u00f3n de su base de datos y la integraci\u00f3n de la misma con sus bases de datos locales.\u00a0<\/p>\n<p><img loading=\"lazy\" decoding=\"async\" width=\"450\" height=\"338\" src=\"https:\/\/www.studioh.com.ve\/Home\/wp-content\/uploads\/2023\/08\/Contenido-Programacion-12.jpg\" \/>\t\t\t\t\t\t\t\t\t\t\t\t\t\t\t\t\t\t\t\t\t\t\t<\/p>\n<p>CSS<br \/>\n\t\t\t\t\t\t\t\t\t\t\t\t\t\t\t\t\t\t\t\t\t\t\t\t\t\t\t\t\t\t\t\t\t\t\t\t\tLa separaci\u00f3n del formato y el contenido hace posible presentar el mismo documento diferentes estilos para diferentes m\u00e9todos de renderizado y as\u00ed poder hacerlo disponible para cualquier dispositivo y navegador que el usuario est\u00e9 utilizando.De esta interacci\u00f3n; surge el dise\u00f1o visual que ha tener su p\u00e1gina, los estilos en cada una de sus secciones, secciones para animaciones con JavaScript, tipograf\u00eda y ajustes para su tema, botones, titulos, cuerpos de textos y mucho m\u00e1s.<\/p>\n<p><img loading=\"lazy\" decoding=\"async\" width=\"450\" height=\"338\" src=\"https:\/\/www.studioh.com.ve\/Home\/wp-content\/uploads\/2023\/08\/Contenido-Programacion-16.jpg\" \/>\t\t\t\t\t\t\t\t\t\t\t\t\t\t\t\t\t\t\t\t\t\t\t<\/p>\n<p>HTML<br \/>\n\t\t\t\t\t\t\t\t\t\t\t\t\t\t\t\t\t\t\t\t\t\t\t\t\t\t\t\t\t\t\t\t\t\t\t\t\tPr\u00e1cticamente el contenido interno de una secci\u00f3n de su sitio web es programaci\u00f3n HTML con excepci\u00f3n de aquellos que sean contenido din\u00e1mico como el proporcionado por una b\u00fasqueda en su base de datos,Es decir; el lenguaje HTML es el que nos permite recrear esta pagina que est\u00e1 leyendo y hacerle cambios y modificaciones.La \u00a0estructura de los m\u00f3dulos le pertenecen al CSS y la funci\u00f3n de correo o registro de usuarios al PHP empleado en el sitio.<\/p>\n<p><img loading=\"lazy\" decoding=\"async\" width=\"450\" height=\"338\" src=\"https:\/\/www.studioh.com.ve\/Home\/wp-content\/uploads\/2023\/08\/Contenido-Programacion-17.jpg\" \/>\t\t\t\t\t\t\t\t\t\t\t\t\t\t\t\t\t\t\t\t\t\t\t<\/p>\n<p>Identidad<br \/>\n\t\t\t\t\t\t\t\t\t\t\t\t\t\t\t\t\t\t\t\t\t\t\t\t\t\t\t\t\t\t\t\t\t\t\t\t\tLa principal diferencia entre una firma dedicada en exclusivo al desarrollo web y una forjada en el mundo de la publicidad y la mercadotecnia es que somos capaces de fusionar ambos mundos para que se integren en total armon\u00eda.Entonces bien; su identidad y la prestaci\u00f3n de servicios no depende en exclusivo de la visi\u00f3n de un programador de sistemas en exclusivo sino de un publicitario experimentado que se encuentra constantemente perfeccionando la prestaci\u00f3n de servicios que ofrece en la Internet.<\/p>\n<p><img loading=\"lazy\" decoding=\"async\" width=\"450\" height=\"338\" src=\"https:\/\/www.studioh.com.ve\/Home\/wp-content\/uploads\/2023\/08\/Contenido-Programacion-18.jpg\" \/>\t\t\t\t\t\t\t\t\t\t\t\t\t\t\t\t\t\t\t\t\t\t\t<\/p>\n<p>WordPress<br \/>\n\t\t\t\t\t\t\t\t\t\t\t\t\t\t\t\t\t\t\t\t\t\t\t\t\t\t\t\t\t\t\t\t\t\t\t\t\tUtilizamos la plataforma de WordPress por la gran prestaci\u00f3n de servicios que \u00e9sta nos ofrece, lo cual se interpreta en eficiencia y productividad en beneficio de las necesidades de nuestros clientes.Deseamos destacar con mucho \u00e9nfasis\u00a0que no se trata de la compra de una plantilla que se completa en unos cuantos pasos; ya que esta creencia es err\u00f3nea &#8211; todo tema debe ser construido y ajustado a los requisitos exigidos en el briefing del proyecto.*Esta es la plataforma m\u00e1s empleada en el mundo.\u00a0<\/p>\n<p><img loading=\"lazy\" decoding=\"async\" width=\"450\" height=\"338\" src=\"https:\/\/www.studioh.com.ve\/Home\/wp-content\/uploads\/2023\/08\/Contenido-Programacion-10.jpg\" \/>\t\t\t\t\t\t\t\t\t\t\t\t\t\t\t\t\t\t\t\t\t\t\t<\/p>\n<p>Ingenier\u00eda<br \/>\n\t\t\t\t\t\t\t\t\t\t\t\t\t\t\t\t\t\t\t\t\t\t\t\t\t\t\t\t\t\t\t\t\t\t\t\t\tNuestro\u00a0equipo de trabajo est\u00e1 constituido por publicistas, dise\u00f1adores y gente conocedora del mundo del Marketing a trav\u00e9s del cual -junto con nuestros\u00a05 ingenieros de sistemas\u00a0especializados en estas \u00e1rea; nos permiten ofrecer un servicio de elevada calidad.Unos pensando en el c\u00f3mo y los otros dedicados a la programaci\u00f3n por lo que sin duda; nos presentamos como una agencia \u00fanica en su tipo, capaces de hacer ajustes en la instrumentaci\u00f3n de proyectos y realizar actualizaciones claves para alcanzar el mejor desempe\u00f1o posible.*Hacemos simple, lo complejo.<\/p>\n<p><img loading=\"lazy\" decoding=\"async\" width=\"450\" height=\"338\" src=\"https:\/\/www.studioh.com.ve\/Home\/wp-content\/uploads\/2023\/08\/Contenido-Programacion-14.jpg\" \/>\t\t\t\t\t\t\t\t\t\t\t\t\t\t\t\t\t\t\t\t\t\t\t<\/p>\n<p>Analytics<br \/>\n\t\t\t\t\t\t\t\t\t\t\t\t\t\t\t\t\t\t\t\t\t\t\t\t\t\t\t\t\t\t\t\t\t\t\t\t\tNo se trata simplemente de incluir la prestaci\u00f3n del servicio que ofrece Google Analytics\u00a0para saber de los reportes estad\u00edsticos que su web registra sino que al contratar nuestros servicios de supervisi\u00f3n; usted recibir\u00e1 un informe estrat\u00e9gico para mejorar el SEO de su p\u00e1gina acorde la audiencia que le visita y al tipo de cliente que usted desea atender.La Internet de hoy en d\u00eda dej\u00f3 de ser un sitio est\u00e1tico para encontrarse en constante evoluci\u00f3n.Por lo que las actualizaciones son pr\u00e1cticamente obligatorias; ya que lo que se estimaba que podr\u00eda estar vigente por un largo per\u00edodo de tiempo, hoy d\u00eda, dej\u00f3 de serlo (cambio de paradigmas)<\/p>\n<p><img loading=\"lazy\" decoding=\"async\" width=\"450\" height=\"338\" src=\"https:\/\/www.studioh.com.ve\/Home\/wp-content\/uploads\/2023\/08\/Contenido-Programacion-09.jpg\" \/>\t\t\t\t\t\t\t\t\t\t\t\t\t\t\t\t\t\t\t\t\t\t\t<\/p>\n<p>Actualizaciones<br \/>\n\t\t\t\t\t\t\t\t\t\t\t\t\t\t\t\t\t\t\t\t\t\t\t\t\t\t\t\t\t\t\t\t\t\t\t\t\tLas actualizaciones son indispensable; ya que lo que se estima que podr\u00eda estar vigente por un largo per\u00edodo de tiempo, dejo de ser.Y es por ello que la Internet con su gran afluente de usuarios; cada d\u00eda causan que se establezcan nuevas reglas del mercado y con ellas surgen nuevas necesidades que atender.Quien desarrolle una p\u00e1gina web sin considerar su actualizaci\u00f3n constante, se hallar\u00e1 en el mediano plazo en serios problemas.\u00a0\u00a0Por ello; le invitamos a que nos consulte, sin mayor compromiso sobre nuestros planes de mantenimiento, actualizaci\u00f3n y supervisi\u00f3n.\u00a0<\/p>\n<p><!-- \/row --><\/p>\n<p><img decoding=\"async\" src=\"\/\/www.studioh.com.ve\/Home\/wp-content\/uploads\/2018\/12\/Slider-12.jpg\"><br \/>\nSlider 12Trabajamos en alianza con Yellow Digital con lo cual ampliamos nuestros capacidad de respuesta y mejoramos nuestro desempe\u00f1o con el respaldo de m\u00e1s de 200 proyectos web desarrollados tanto nacional como internacionalmente.<br \/>\n<a href=\"https:\/\/www.studioh.com.ve\/Home\/marketing-diseno-web-alianza-estrategica-yellow-digital-abstracta\/\">Alianzas<\/a><\/p>\n<p><a href=\"https:\/\/www.laboratoriosvargas.com\/\" target=\"_blank\"><br \/>\n\t\t\t\t\t\t\t\t\t\t\t\t\t\t\t\t\t\t\t\t\t\t\t\t\t<img loading=\"lazy\" decoding=\"async\" width=\"450\" height=\"338\" src=\"https:\/\/www.studioh.com.ve\/Home\/wp-content\/uploads\/2021\/02\/25-Lab-Vargas.jpg\" \/>\t\t\t\t\t\t\t\t\t\t\t\t\t\t\t\t\t\t\t\t\t\t\t\t\t<\/a><\/p>\n<p>Laboratorios VargasSitio web corporativo integral con portafolio de productos en modo base de datos<\/p>\n<p><a href=\"https:\/\/rossi.com.ve\/\" target=\"_blank\"><br \/>\n\t\t\t\t\t\t\t\t\t\t\t\t\t\t\t\t\t\t\t\t\t\t\t\t\t<img loading=\"lazy\" decoding=\"async\" width=\"450\" height=\"338\" src=\"https:\/\/www.studioh.com.ve\/Home\/wp-content\/uploads\/2019\/07\/22-Calzados-Rossi.jpg\" \/>\t\t\t\t\t\t\t\t\t\t\t\t\t\t\t\t\t\t\t\t\t\t\t\t\t<\/a><\/p>\n<p>Calzados RossiSitio web desarrollado en WordPress con catalogo incluyendo la producci\u00f3n fotogr\u00e1fica incluido en el mismo<\/p>\n<p><a href=\"https:\/\/kimiceg.net\/\" target=\"_blank\"><br \/>\n\t\t\t\t\t\t\t\t\t\t\t\t\t\t\t\t\t\t\t\t\t\t\t\t\t<img loading=\"lazy\" decoding=\"async\" width=\"450\" height=\"338\" src=\"https:\/\/www.studioh.com.ve\/Home\/wp-content\/uploads\/2017\/08\/13-Kimiceg.jpg\" \/>\t\t\t\t\t\t\t\t\t\t\t\t\t\t\t\t\t\t\t\t\t\t\t\t\t<\/a><\/p>\n<p>Laboratorios KimicegP\u00e1gina Adaptive Response que mejora la presencia de este cliente y la interacci\u00f3n con su audiencia en la Internet.<\/p>\n<p><a href=\"http:\/\/salon-cristal.com\/\" target=\"_blank\"><br \/>\n\t\t\t\t\t\t\t\t\t\t\t\t\t\t\t\t\t\t\t\t\t\t\t\t\t<img loading=\"lazy\" decoding=\"async\" width=\"450\" height=\"338\" src=\"https:\/\/www.studioh.com.ve\/Home\/wp-content\/uploads\/2023\/06\/15-Salon-Cristal.jpg\" \/>\t\t\t\t\t\t\t\t\t\t\t\t\t\t\t\t\t\t\t\t\t\t\t\t\t<\/a><\/p>\n<p>Festejos Sal\u00f3n CristalP\u00e1gina Responsive HTML5 dedicada a la celebraci\u00f3n de eventos sociales y corporativos.<\/p>\n<p><a href=\"http:\/\/pauloguerrero.com\/templates\/selvanegra\/\" target=\"_blank\"><br \/>\n\t\t\t\t\t\t\t\t\t\t\t\t\t\t\t\t\t\t\t\t\t\t\t\t\t<img loading=\"lazy\" decoding=\"async\" width=\"450\" height=\"338\" src=\"https:\/\/www.studioh.com.ve\/Home\/wp-content\/uploads\/2017\/08\/14-Selva-Negra.jpg\" \/>\t\t\t\t\t\t\t\t\t\t\t\t\t\t\t\t\t\t\t\t\t\t\t\t\t<\/a><\/p>\n<p>Hotel Selva NegraActualizaci\u00f3n y refrescamiento de su imagen para la Internet. &nbsp;Estatus: En desarrollo.&nbsp;<\/p>\n<p><a href=\"http:\/\/grupotior.com\/\" target=\"_blank\"><br \/>\n\t\t\t\t\t\t\t\t\t\t\t\t\t\t\t\t\t\t\t\t\t\t\t\t\t<img loading=\"lazy\" decoding=\"async\" width=\"450\" height=\"338\" src=\"https:\/\/www.studioh.com.ve\/Home\/wp-content\/uploads\/2021\/07\/26-Zuoz.jpg\" \/>\t\t\t\t\t\t\t\t\t\t\t\t\t\t\t\t\t\t\t\t\t\t\t\t\t<\/a><\/p>\n<p>Zuoz PharmaLaboratorio dedicado a la comercializaci\u00f3n de medicamentos tanto nacionales como internacionales.&nbsp;<\/p>\n<p><a href=\"http:\/\/soluval.net\/\" target=\"_blank\"><br \/>\n\t\t\t\t\t\t\t\t\t\t\t\t\t\t\t\t\t\t\t\t\t\t\t\t\t<img loading=\"lazy\" decoding=\"async\" width=\"450\" height=\"338\" src=\"https:\/\/www.studioh.com.ve\/Home\/wp-content\/uploads\/2018\/10\/19-Soluval.jpg\" \/>\t\t\t\t\t\t\t\t\t\t\t\t\t\t\t\t\t\t\t\t\t\t\t\t\t<\/a><\/p>\n<p>Soluval de VenezuelaSitio web actualizado con una versi\u00f3n mejorada de WordPress y que se dedica a la comercializaci\u00f3n de equipos para la industria petrolera.<\/p>\n<p><a href=\"https:\/\/aquafilt7.net\/\" target=\"_blank\"><br \/>\n\t\t\t\t\t\t\t\t\t\t\t\t\t\t\t\t\t\t\t\t\t\t\t\t\t<img loading=\"lazy\" decoding=\"async\" width=\"450\" height=\"338\" src=\"https:\/\/www.studioh.com.ve\/Home\/wp-content\/uploads\/2020\/03\/24-Aquafilt.jpg\" \/>\t\t\t\t\t\t\t\t\t\t\t\t\t\t\t\t\t\t\t\t\t\t\t\t\t<\/a><\/p>\n<p>Aquafilt7Sitio web dedicado a la comercializaci\u00f3n de filtros de agua.<\/p>\n<p><a href=\"https:\/\/supermercadolosandes.com\" target=\"_blank\"><br \/>\n\t\t\t\t\t\t\t\t\t\t\t\t\t\t\t\t\t\t\t\t\t\t\t\t\t<img loading=\"lazy\" decoding=\"async\" width=\"450\" height=\"338\" src=\"https:\/\/www.studioh.com.ve\/Home\/wp-content\/uploads\/2019\/07\/23-Supermercado-Los-Andes.jpg\" \/>\t\t\t\t\t\t\t\t\t\t\t\t\t\t\t\t\t\t\t\t\t\t\t\t\t<\/a><\/p>\n<p>Supermercado Los AndesSitio web desarrollado en ambiente WP para promocionar los servicios de esta empresa con galer\u00eda de fotos desarrollada por nosotros.&nbsp;<\/p>\n<p><a href=\"http:\/\/taiko.com.ve\/\" target=\"_blank\"><br \/>\n\t\t\t\t\t\t\t\t\t\t\t\t\t\t\t\t\t\t\t\t\t\t\t\t\t<img loading=\"lazy\" decoding=\"async\" width=\"450\" height=\"338\" src=\"https:\/\/www.studioh.com.ve\/Home\/wp-content\/uploads\/2023\/06\/4-Taiko.jpg\" \/>\t\t\t\t\t\t\t\t\t\t\t\t\t\t\t\t\t\t\t\t\t\t\t\t\t<\/a><\/p>\n<p>Taiko RestaurantP\u00e1gina Adaptive Response para la promoci\u00f3n de este restaurante especializado en gastronom\u00eda Japonesa.<\/p>\n<p><a href=\"https:\/\/totalpopint.com\/\" target=\"_blank\"><br \/>\n\t\t\t\t\t\t\t\t\t\t\t\t\t\t\t\t\t\t\t\t\t\t\t\t\t<img loading=\"lazy\" decoding=\"async\" width=\"450\" height=\"338\" src=\"https:\/\/www.studioh.com.ve\/Home\/wp-content\/uploads\/2018\/11\/20-Total-POP-1.jpg\" \/>\t\t\t\t\t\t\t\t\t\t\t\t\t\t\t\t\t\t\t\t\t\t\t\t\t<\/a><\/p>\n<p>Total POPOptimizaci\u00f3n de sitio web, presencia en la Internet, SEO, campa\u00f1as Google Adwords &#8211; Instagram &#8211; Carro de compras.<\/p>\n<p><a href=\"https:\/\/www.grupo-vargas.com\/\" target=\"_blank\"><br \/>\n\t\t\t\t\t\t\t\t\t\t\t\t\t\t\t\t\t\t\t\t\t\t\t\t\t<img loading=\"lazy\" decoding=\"async\" width=\"450\" height=\"338\" src=\"https:\/\/www.studioh.com.ve\/Home\/wp-content\/uploads\/2021\/01\/24-Grupo-Vargas.jpg\" \/>\t\t\t\t\t\t\t\t\t\t\t\t\t\t\t\t\t\t\t\t\t\t\t\t\t<\/a><\/p>\n<p>Grupo VargasConjunto de empresas del sector Farmac\u00e9utico, Innovaci\u00f3n &amp; Desarrollo, Diagn\u00f3stico Cl\u00ednico e Industrial&nbsp;<\/p>\n<p><!-- \/row --><\/p>\n<p><a href=\"https:\/\/www.studioh.com.ve\/Home\/portafolio-fotografia-publicitaria\/\"><\/p>\n<p>PORTAFOLIO<br \/>\n\t\t\t\t\t\t\t\t\t\t\t\t\t\t\t\t\t\t\t\t\t\t\t\t\t\t\t\t\t\t\t\t\t\t\t\t\t\t\t\tHacemos uso de herramientas especializadas para optimizar el desempe\u00f1o de su sitio web.&nbsp;<\/p>\n<p><!-- .container --><br \/>\n\t\t\t\t\t\t\t\t <!-- .overlay --><\/p>\n<p><\/a><\/p>\n","protected":false},"excerpt":{"rendered":"<p class=\"excerpt\">Dise\u00f1o Web PHP El lenguaje con el se comunica su p\u00e1gina con el servidor que le ofrece su servicio hosting se fundamenta en PHP y la importancia de estar familiarizados con el mismo es vital para la funcionalidad de su sito web.Este conocimiento y la experiencia que tenemos se haya incluida en cada uno de [&hellip;]<\/p>\n","protected":false},"author":5,"featured_media":0,"parent":0,"menu_order":0,"comment_status":"closed","ping_status":"closed","template":"builder.php","meta":{"footnotes":""},"class_list":["post-3440","page","type-page","status-publish","hentry"],"yoast_head":"<!-- This site is optimized with the Yoast SEO plugin v27.2 - https:\/\/yoast.com\/product\/yoast-seo-wordpress\/ -->\n<title>Abstracta Agencia Digital | Dise\u00f1o P\u00e1ginas Web en Wordpress | Caracas<\/title>\n<meta name=\"description\" content=\"Dise\u00f1o y programaci\u00f3n de p\u00e1ginas web en Wordpress 100% responsivas para todo tipo de dispositivo. Landing page, maqueta, programaci\u00f3n, PHP, CSS3, HTML5, JavaScript.\" \/>\n<meta name=\"robots\" content=\"index, follow, max-snippet:-1, max-image-preview:large, max-video-preview:-1\" \/>\n<link rel=\"canonical\" href=\"https:\/\/www.studioh.com.ve\/Home\/diseno-pagina-web-en-wordpress-caracas-venezuela\/\" \/>\n<meta property=\"og:locale\" content=\"es_ES\" \/>\n<meta property=\"og:type\" content=\"article\" \/>\n<meta property=\"og:title\" content=\"Abstracta Agencia Digital | Dise\u00f1o P\u00e1ginas Web en Wordpress | Caracas\" \/>\n<meta property=\"og:description\" content=\"Dise\u00f1o y programaci\u00f3n de p\u00e1ginas web en Wordpress 100% responsivas para todo tipo de dispositivo. Landing page, maqueta, programaci\u00f3n, PHP, CSS3, HTML5, JavaScript.\" \/>\n<meta property=\"og:url\" content=\"https:\/\/www.studioh.com.ve\/Home\/diseno-pagina-web-en-wordpress-caracas-venezuela\/\" \/>\n<meta property=\"og:site_name\" content=\"Abstracta Marketing\" \/>\n<meta property=\"article:publisher\" content=\"https:\/\/www.facebook.com\/AbstractaCreative\" \/>\n<meta property=\"article:modified_time\" content=\"2025-12-17T18:20:34+00:00\" \/>\n<meta property=\"og:image\" content=\"https:\/\/www.studioh.com.ve\/Home\/wp-content\/uploads\/2023\/08\/Contenido-Programacion-00.jpg\" \/>\n<meta name=\"twitter:card\" content=\"summary_large_image\" \/>\n<meta name=\"twitter:site\" content=\"@AbstractaCM\" \/>\n<meta name=\"twitter:label1\" content=\"Tiempo de lectura\" \/>\n\t<meta name=\"twitter:data1\" content=\"5 minutos\" \/>\n<script type=\"application\/ld+json\" class=\"yoast-schema-graph\">{\"@context\":\"https:\/\/schema.org\",\"@graph\":[{\"@type\":\"WebPage\",\"@id\":\"https:\/\/www.studioh.com.ve\/Home\/diseno-pagina-web-en-wordpress-caracas-venezuela\/\",\"url\":\"https:\/\/www.studioh.com.ve\/Home\/diseno-pagina-web-en-wordpress-caracas-venezuela\/\",\"name\":\"Abstracta Agencia Digital | Dise\u00f1o P\u00e1ginas Web en Wordpress | Caracas\",\"isPartOf\":{\"@id\":\"https:\/\/www.studioh.com.ve\/Home\/#website\"},\"primaryImageOfPage\":{\"@id\":\"https:\/\/www.studioh.com.ve\/Home\/diseno-pagina-web-en-wordpress-caracas-venezuela\/#primaryimage\"},\"image\":{\"@id\":\"https:\/\/www.studioh.com.ve\/Home\/diseno-pagina-web-en-wordpress-caracas-venezuela\/#primaryimage\"},\"thumbnailUrl\":\"https:\/\/www.studioh.com.ve\/Home\/wp-content\/uploads\/2023\/08\/Contenido-Programacion-00.jpg\",\"datePublished\":\"2016-11-21T22:53:40+00:00\",\"dateModified\":\"2025-12-17T18:20:34+00:00\",\"description\":\"Dise\u00f1o y programaci\u00f3n de p\u00e1ginas web en Wordpress 100% responsivas para todo tipo de dispositivo. Landing page, maqueta, programaci\u00f3n, PHP, CSS3, HTML5, JavaScript.\",\"breadcrumb\":{\"@id\":\"https:\/\/www.studioh.com.ve\/Home\/diseno-pagina-web-en-wordpress-caracas-venezuela\/#breadcrumb\"},\"inLanguage\":\"es\",\"potentialAction\":[{\"@type\":\"ReadAction\",\"target\":[\"https:\/\/www.studioh.com.ve\/Home\/diseno-pagina-web-en-wordpress-caracas-venezuela\/\"]}]},{\"@type\":\"ImageObject\",\"inLanguage\":\"es\",\"@id\":\"https:\/\/www.studioh.com.ve\/Home\/diseno-pagina-web-en-wordpress-caracas-venezuela\/#primaryimage\",\"url\":\"https:\/\/www.studioh.com.ve\/Home\/wp-content\/uploads\/2023\/08\/Contenido-Programacion-00.jpg\",\"contentUrl\":\"https:\/\/www.studioh.com.ve\/Home\/wp-content\/uploads\/2023\/08\/Contenido-Programacion-00.jpg\",\"width\":450,\"height\":338},{\"@type\":\"BreadcrumbList\",\"@id\":\"https:\/\/www.studioh.com.ve\/Home\/diseno-pagina-web-en-wordpress-caracas-venezuela\/#breadcrumb\",\"itemListElement\":[{\"@type\":\"ListItem\",\"position\":1,\"name\":\"Creaci\u00f3n de Imagen para la Internet de Hoy\",\"item\":\"https:\/\/www.studioh.com.ve\/Home\/\"},{\"@type\":\"ListItem\",\"position\":2,\"name\":\"Desarrollo Web\"}]},{\"@type\":\"WebSite\",\"@id\":\"https:\/\/www.studioh.com.ve\/Home\/#website\",\"url\":\"https:\/\/www.studioh.com.ve\/Home\/\",\"name\":\"Abstracta Marketing\",\"description\":\"Agencia Dedicada al Marketing Digital\",\"publisher\":{\"@id\":\"https:\/\/www.studioh.com.ve\/Home\/#organization\"},\"potentialAction\":[{\"@type\":\"SearchAction\",\"target\":{\"@type\":\"EntryPoint\",\"urlTemplate\":\"https:\/\/www.studioh.com.ve\/Home\/?s={search_term_string}\"},\"query-input\":{\"@type\":\"PropertyValueSpecification\",\"valueRequired\":true,\"valueName\":\"search_term_string\"}}],\"inLanguage\":\"es\"},{\"@type\":\"Organization\",\"@id\":\"https:\/\/www.studioh.com.ve\/Home\/#organization\",\"name\":\"Abstracta Marketing\",\"url\":\"https:\/\/www.studioh.com.ve\/Home\/\",\"logo\":{\"@type\":\"ImageObject\",\"inLanguage\":\"es\",\"@id\":\"https:\/\/www.studioh.com.ve\/Home\/#\/schema\/logo\/image\/\",\"url\":\"https:\/\/www.studioh.com.ve\/Home\/wp-content\/uploads\/2016\/09\/logo-studio-h.png\",\"contentUrl\":\"https:\/\/www.studioh.com.ve\/Home\/wp-content\/uploads\/2016\/09\/logo-studio-h.png\",\"width\":120,\"height\":120,\"caption\":\"Abstracta Marketing\"},\"image\":{\"@id\":\"https:\/\/www.studioh.com.ve\/Home\/#\/schema\/logo\/image\/\"},\"sameAs\":[\"https:\/\/www.facebook.com\/AbstractaCreative\",\"https:\/\/x.com\/AbstractaCM\",\"https:\/\/www.instagram.com\/abstractacreative\/\",\"https:\/\/www.linkedin.com\/in\/juan-carlos-hazanow-8b330896\/\",\"https:\/\/www.pinterest.es\/studiohabstracta\/\",\"https:\/\/www.youtube.com\/user\/studiohabstracta?feature=mhee\"]}]}<\/script>\n<!-- \/ Yoast SEO plugin. -->","yoast_head_json":{"title":"Abstracta Agencia Digital | Dise\u00f1o P\u00e1ginas Web en Wordpress | Caracas","description":"Dise\u00f1o y programaci\u00f3n de p\u00e1ginas web en Wordpress 100% responsivas para todo tipo de dispositivo. Landing page, maqueta, programaci\u00f3n, PHP, CSS3, HTML5, JavaScript.","robots":{"index":"index","follow":"follow","max-snippet":"max-snippet:-1","max-image-preview":"max-image-preview:large","max-video-preview":"max-video-preview:-1"},"canonical":"https:\/\/www.studioh.com.ve\/Home\/diseno-pagina-web-en-wordpress-caracas-venezuela\/","og_locale":"es_ES","og_type":"article","og_title":"Abstracta Agencia Digital | Dise\u00f1o P\u00e1ginas Web en Wordpress | Caracas","og_description":"Dise\u00f1o y programaci\u00f3n de p\u00e1ginas web en Wordpress 100% responsivas para todo tipo de dispositivo. Landing page, maqueta, programaci\u00f3n, PHP, CSS3, HTML5, JavaScript.","og_url":"https:\/\/www.studioh.com.ve\/Home\/diseno-pagina-web-en-wordpress-caracas-venezuela\/","og_site_name":"Abstracta Marketing","article_publisher":"https:\/\/www.facebook.com\/AbstractaCreative","article_modified_time":"2025-12-17T18:20:34+00:00","og_image":[{"url":"https:\/\/www.studioh.com.ve\/Home\/wp-content\/uploads\/2023\/08\/Contenido-Programacion-00.jpg","type":"","width":"","height":""}],"twitter_card":"summary_large_image","twitter_site":"@AbstractaCM","twitter_misc":{"Tiempo de lectura":"5 minutos"},"schema":{"@context":"https:\/\/schema.org","@graph":[{"@type":"WebPage","@id":"https:\/\/www.studioh.com.ve\/Home\/diseno-pagina-web-en-wordpress-caracas-venezuela\/","url":"https:\/\/www.studioh.com.ve\/Home\/diseno-pagina-web-en-wordpress-caracas-venezuela\/","name":"Abstracta Agencia Digital | Dise\u00f1o P\u00e1ginas Web en Wordpress | Caracas","isPartOf":{"@id":"https:\/\/www.studioh.com.ve\/Home\/#website"},"primaryImageOfPage":{"@id":"https:\/\/www.studioh.com.ve\/Home\/diseno-pagina-web-en-wordpress-caracas-venezuela\/#primaryimage"},"image":{"@id":"https:\/\/www.studioh.com.ve\/Home\/diseno-pagina-web-en-wordpress-caracas-venezuela\/#primaryimage"},"thumbnailUrl":"https:\/\/www.studioh.com.ve\/Home\/wp-content\/uploads\/2023\/08\/Contenido-Programacion-00.jpg","datePublished":"2016-11-21T22:53:40+00:00","dateModified":"2025-12-17T18:20:34+00:00","description":"Dise\u00f1o y programaci\u00f3n de p\u00e1ginas web en Wordpress 100% responsivas para todo tipo de dispositivo. Landing page, maqueta, programaci\u00f3n, PHP, CSS3, HTML5, JavaScript.","breadcrumb":{"@id":"https:\/\/www.studioh.com.ve\/Home\/diseno-pagina-web-en-wordpress-caracas-venezuela\/#breadcrumb"},"inLanguage":"es","potentialAction":[{"@type":"ReadAction","target":["https:\/\/www.studioh.com.ve\/Home\/diseno-pagina-web-en-wordpress-caracas-venezuela\/"]}]},{"@type":"ImageObject","inLanguage":"es","@id":"https:\/\/www.studioh.com.ve\/Home\/diseno-pagina-web-en-wordpress-caracas-venezuela\/#primaryimage","url":"https:\/\/www.studioh.com.ve\/Home\/wp-content\/uploads\/2023\/08\/Contenido-Programacion-00.jpg","contentUrl":"https:\/\/www.studioh.com.ve\/Home\/wp-content\/uploads\/2023\/08\/Contenido-Programacion-00.jpg","width":450,"height":338},{"@type":"BreadcrumbList","@id":"https:\/\/www.studioh.com.ve\/Home\/diseno-pagina-web-en-wordpress-caracas-venezuela\/#breadcrumb","itemListElement":[{"@type":"ListItem","position":1,"name":"Creaci\u00f3n de Imagen para la Internet de Hoy","item":"https:\/\/www.studioh.com.ve\/Home\/"},{"@type":"ListItem","position":2,"name":"Desarrollo Web"}]},{"@type":"WebSite","@id":"https:\/\/www.studioh.com.ve\/Home\/#website","url":"https:\/\/www.studioh.com.ve\/Home\/","name":"Abstracta Marketing","description":"Agencia Dedicada al Marketing Digital","publisher":{"@id":"https:\/\/www.studioh.com.ve\/Home\/#organization"},"potentialAction":[{"@type":"SearchAction","target":{"@type":"EntryPoint","urlTemplate":"https:\/\/www.studioh.com.ve\/Home\/?s={search_term_string}"},"query-input":{"@type":"PropertyValueSpecification","valueRequired":true,"valueName":"search_term_string"}}],"inLanguage":"es"},{"@type":"Organization","@id":"https:\/\/www.studioh.com.ve\/Home\/#organization","name":"Abstracta Marketing","url":"https:\/\/www.studioh.com.ve\/Home\/","logo":{"@type":"ImageObject","inLanguage":"es","@id":"https:\/\/www.studioh.com.ve\/Home\/#\/schema\/logo\/image\/","url":"https:\/\/www.studioh.com.ve\/Home\/wp-content\/uploads\/2016\/09\/logo-studio-h.png","contentUrl":"https:\/\/www.studioh.com.ve\/Home\/wp-content\/uploads\/2016\/09\/logo-studio-h.png","width":120,"height":120,"caption":"Abstracta Marketing"},"image":{"@id":"https:\/\/www.studioh.com.ve\/Home\/#\/schema\/logo\/image\/"},"sameAs":["https:\/\/www.facebook.com\/AbstractaCreative","https:\/\/x.com\/AbstractaCM","https:\/\/www.instagram.com\/abstractacreative\/","https:\/\/www.linkedin.com\/in\/juan-carlos-hazanow-8b330896\/","https:\/\/www.pinterest.es\/studiohabstracta\/","https:\/\/www.youtube.com\/user\/studiohabstracta?feature=mhee"]}]}},"_links":{"self":[{"href":"https:\/\/www.studioh.com.ve\/Home\/wp-json\/wp\/v2\/pages\/3440","targetHints":{"allow":["GET"]}}],"collection":[{"href":"https:\/\/www.studioh.com.ve\/Home\/wp-json\/wp\/v2\/pages"}],"about":[{"href":"https:\/\/www.studioh.com.ve\/Home\/wp-json\/wp\/v2\/types\/page"}],"author":[{"embeddable":true,"href":"https:\/\/www.studioh.com.ve\/Home\/wp-json\/wp\/v2\/users\/5"}],"replies":[{"embeddable":true,"href":"https:\/\/www.studioh.com.ve\/Home\/wp-json\/wp\/v2\/comments?post=3440"}],"version-history":[{"count":54,"href":"https:\/\/www.studioh.com.ve\/Home\/wp-json\/wp\/v2\/pages\/3440\/revisions"}],"predecessor-version":[{"id":22944,"href":"https:\/\/www.studioh.com.ve\/Home\/wp-json\/wp\/v2\/pages\/3440\/revisions\/22944"}],"wp:attachment":[{"href":"https:\/\/www.studioh.com.ve\/Home\/wp-json\/wp\/v2\/media?parent=3440"}],"curies":[{"name":"wp","href":"https:\/\/api.w.org\/{rel}","templated":true}]}}