{"id":2199,"date":"2016-11-13T19:35:46","date_gmt":"2016-11-13T19:35:46","guid":{"rendered":"http:\/\/www.studioh.com.ve\/Home\/?page_id=2199"},"modified":"2025-12-17T18:20:34","modified_gmt":"2025-12-17T18:20:34","slug":"planes-de-social-media-google-instagram","status":"publish","type":"page","link":"https:\/\/www.studioh.com.ve\/Home\/planes-de-social-media-google-instagram\/","title":{"rendered":"Social Media"},"content":{"rendered":"<p>Social Media\t\t\t\t\t\t\t\t\t\t\t\t\t\t<\/p>\n<p><!-- .container --><br \/>\n\t\t\t\t\t\t\t\t <!-- .overlay --><\/p>\n<p><img loading=\"lazy\" decoding=\"async\" width=\"450\" height=\"338\" src=\"https:\/\/www.studioh.com.ve\/Home\/wp-content\/uploads\/2023\/08\/C-Competencia.jpg\" \/>\t\t\t\t\t\t\t\t\t\t\t\t\t\t\t\t\t\t\t\t\t\t\t<\/p>\n<p>Creaci\u00f3n de Imagen<br \/>\n\t\t\t\t\t\t\t\t\t\t\t\t\t\t\t\t\t\t\t\t\t\t\t\t\t\t\t\t\t\t\t\t\t\t\t\t\tNombre de cuenta | Encabezados | PerfilesCreaci\u00f3n y definici\u00f3n de estilo comunicacionalMarketing Mix | Google | Facebook | InstagramPixel de Facebook&nbsp;Rastreo en Directorios P\u00fablicos y\/o PagosProgramaci\u00f3n de Publicaciones | RecomendacionesPresentaci\u00f3n de Anteproyecto | Presencial&nbsp;V\u00eddeo Conferencia<\/p>\n<p><img loading=\"lazy\" decoding=\"async\" width=\"450\" height=\"338\" src=\"https:\/\/www.studioh.com.ve\/Home\/wp-content\/uploads\/2016\/11\/C-Competencia-2.jpg\" \/>\t\t\t\t\t\t\t\t\t\t\t\t\t\t\t\t\t\t\t\t\t\t\t<\/p>\n<p>Competencia<br \/>\n\t\t\t\t\t\t\t\t\t\t\t\t\t\t\t\t\t\t\t\t\t\t\t\t\t\t\t\t\t\t\t\t\t\t\t\t\tIdentificaci\u00f3n de la Competencia | Registro &amp; ReporteRegistro de Cuentas | WebsitesGoogle | Posicionamiento | SEOAn\u00e1lisis de Publicaciones | TemarioPlanes de Marketing | InferenciaSeguidores | Interacci\u00f3n | EfectividadRastreo en Pautas PublicitariasFortalezas y DebilidadesSeguimientos<\/p>\n<p><img loading=\"lazy\" decoding=\"async\" width=\"450\" height=\"338\" src=\"https:\/\/www.studioh.com.ve\/Home\/wp-content\/uploads\/2016\/11\/C-Estrategias.jpg\" \/>\t\t\t\t\t\t\t\t\t\t\t\t\t\t\t\t\t\t\t\t\t\t\t<\/p>\n<p>Estrategias<br \/>\n\t\t\t\t\t\t\t\t\t\t\t\t\t\t\t\t\t\t\t\t\t\t\t\t\t\t\t\t\t\t\t\t\t\t\t\t\tAtributos y Servicios del ClienteFortalezas y DebilidadesPlan de Acci\u00f3n vs CompetenciaDise\u00f1o de Artes Finales y\/o V\u00eddeosMensajes | Redacciones | HashtagsStock de Im\u00e1genes | RedaccionesDocumentaci\u00f3n y Presentaci\u00f3n del Plan de Marketing<\/p>\n<p><img loading=\"lazy\" decoding=\"async\" width=\"450\" height=\"338\" src=\"https:\/\/www.studioh.com.ve\/Home\/wp-content\/uploads\/2016\/11\/C-Publicaciones.jpg\" \/>\t\t\t\t\t\t\t\t\t\t\t\t\t\t\t\t\t\t\t\t\t\t\t<\/p>\n<p>Publicaciones<br \/>\n\t\t\t\t\t\t\t\t\t\t\t\t\t\t\t\t\t\t\t\t\t\t\t\t\t\t\t\t\t\t\t\t\t\t\t\t\tGrilla de PublicacionesLog\u00edstica y Aprobaci\u00f3nGoogle Drive | WorkflowAprobacionesEjecuci\u00f3n y Supervisi\u00f3nInforme de ResultadosOptimizaci\u00f3nRenovaci\u00f3n de Avisos<\/p>\n<p><img loading=\"lazy\" decoding=\"async\" width=\"450\" height=\"338\" src=\"https:\/\/www.studioh.com.ve\/Home\/wp-content\/uploads\/2016\/11\/C-Planes.jpg\" \/>\t\t\t\t\t\t\t\t\t\t\t\t\t\t\t\t\t\t\t\t\t\t\t<\/p>\n<p>Planes de Social Media<br \/>\n\t\t\t\t\t\t\t\t\t\t\t\t\t\t\t\t\t\t\t\t\t\t\t\t\t\t\t\t\t\t\t\t\t\t\t\t\tInstagram | Facebook&nbsp;Plan SilverPlan GoldPlan PlatinumDesarrollamos planes adaptados a sus necesidades por lo que \u00e9stos pueden y deben ser reformulados.&nbsp;<\/p>\n<p><img loading=\"lazy\" decoding=\"async\" width=\"450\" height=\"338\" src=\"https:\/\/www.studioh.com.ve\/Home\/wp-content\/uploads\/2016\/11\/C-Extras.jpg\" \/>\t\t\t\t\t\t\t\t\t\t\t\t\t\t\t\t\t\t\t\t\t\t\t<\/p>\n<p>Extras<br \/>\n\t\t\t\t\t\t\t\t\t\t\t\t\t\t\t\t\t\t\t\t\t\t\t\t\t\t\t\t\t\t\t\t\t\t\t\t\tFotograf\u00eda ProfesionalEdici\u00f3n y RetoquesCommunity Manager | Interacci\u00f3n con la audienciaV\u00eddeos Streaming de 10 a 30 segundosWebsites | P\u00e1ginas de Aterrizaje&nbsp;Blogs | Desarrollo de Contenidos | Panel de ControlPublicidad en otras plataformas | Contrataci\u00f3n &nbsp;E-mail Marketing<\/p>\n<p><!-- \/row --><\/p>\n<p>Le invitamos a darle un vistazo a nuestros Planes de Social Media a trav\u00e9s del siguiente enlace, haci\u00e9ndole la salvedad de que un encuentro virtual o presencial es necesario.\u00a0<br \/>\n\t\t\t\t\t\t\t\t\t\t\t\t\t\t\t\t\t\t\t\t\t\t\t\t\t\t\t\t\t\t\t\t\t\t\t\t\t\t\t\t<a href=\"https:\/\/bit.ly\/40gXt7W\" target=\"_blank\"><br \/>\n\t\t\t\t\t\t\t\t\t\t\t\t\t\t\tDescargar PDF\t\t\t\t\t\t\t\t\t\t\t\t\t\t<\/a><\/p>\n<p><!-- .container --><br \/>\n\t\t\t\t\t\t\t\t <!-- .overlay --><\/p>\n","protected":false},"excerpt":{"rendered":"<p class=\"excerpt\">Social Media Creaci\u00f3n de Imagen Nombre de cuenta | Encabezados | PerfilesCreaci\u00f3n y definici\u00f3n de estilo comunicacionalMarketing Mix | Google | Facebook | InstagramPixel de Facebook&nbsp;Rastreo en Directorios P\u00fablicos y\/o PagosProgramaci\u00f3n de Publicaciones | RecomendacionesPresentaci\u00f3n de Anteproyecto | Presencial&nbsp;V\u00eddeo Conferencia Competencia Identificaci\u00f3n de la Competencia | Registro &amp; ReporteRegistro de Cuentas | WebsitesGoogle | Posicionamiento [&hellip;]<\/p>\n","protected":false},"author":5,"featured_media":0,"parent":0,"menu_order":0,"comment_status":"closed","ping_status":"closed","template":"builder.php","meta":{"footnotes":""},"class_list":["post-2199","page","type-page","status-publish","hentry"],"yoast_head":"<!-- This site is optimized with the Yoast SEO plugin v27.2 - https:\/\/yoast.com\/product\/yoast-seo-wordpress\/ -->\n<title>Planes de Social Media - Google e Instagram | Abstracta Agencia Digital<\/title>\n<meta name=\"description\" content=\"Planes de social media a la medida para Google e Instagram y cada red social atendiendo las necesidades de cada uno de nuestros clientes, programaci\u00f3n de publicaciones, estrategias, , facebook, power editor, campa\u00f1as publicitarias.\" \/>\n<meta name=\"robots\" content=\"index, follow, max-snippet:-1, max-image-preview:large, max-video-preview:-1\" \/>\n<link rel=\"canonical\" href=\"https:\/\/www.studioh.com.ve\/Home\/planes-de-social-media-google-instagram\/\" \/>\n<meta property=\"og:locale\" content=\"es_ES\" \/>\n<meta property=\"og:type\" content=\"article\" \/>\n<meta property=\"og:title\" content=\"Planes de Social Media - Google e Instagram | Abstracta Agencia Digital\" \/>\n<meta property=\"og:description\" content=\"Planes de social media a la medida para Google e Instagram y cada red social atendiendo las necesidades de cada uno de nuestros clientes, programaci\u00f3n de publicaciones, estrategias, , facebook, power editor, campa\u00f1as publicitarias.\" \/>\n<meta property=\"og:url\" content=\"https:\/\/www.studioh.com.ve\/Home\/planes-de-social-media-google-instagram\/\" \/>\n<meta property=\"og:site_name\" content=\"Abstracta Marketing\" \/>\n<meta property=\"article:publisher\" content=\"https:\/\/www.facebook.com\/AbstractaCreative\" \/>\n<meta property=\"article:modified_time\" content=\"2025-12-17T18:20:34+00:00\" \/>\n<meta property=\"og:image\" content=\"https:\/\/www.studioh.com.ve\/Home\/wp-content\/uploads\/2023\/08\/C-Competencia.jpg\" \/>\n<meta name=\"twitter:card\" content=\"summary_large_image\" \/>\n<meta name=\"twitter:site\" content=\"@AbstractaCM\" \/>\n<meta name=\"twitter:label1\" content=\"Tiempo de lectura\" \/>\n\t<meta name=\"twitter:data1\" content=\"1 minuto\" \/>\n<script type=\"application\/ld+json\" class=\"yoast-schema-graph\">{\"@context\":\"https:\/\/schema.org\",\"@graph\":[{\"@type\":\"WebPage\",\"@id\":\"https:\/\/www.studioh.com.ve\/Home\/planes-de-social-media-google-instagram\/\",\"url\":\"https:\/\/www.studioh.com.ve\/Home\/planes-de-social-media-google-instagram\/\",\"name\":\"Planes de Social Media - Google e Instagram | Abstracta Agencia Digital\",\"isPartOf\":{\"@id\":\"https:\/\/www.studioh.com.ve\/Home\/#website\"},\"primaryImageOfPage\":{\"@id\":\"https:\/\/www.studioh.com.ve\/Home\/planes-de-social-media-google-instagram\/#primaryimage\"},\"image\":{\"@id\":\"https:\/\/www.studioh.com.ve\/Home\/planes-de-social-media-google-instagram\/#primaryimage\"},\"thumbnailUrl\":\"https:\/\/www.studioh.com.ve\/Home\/wp-content\/uploads\/2023\/08\/C-Competencia.jpg\",\"datePublished\":\"2016-11-13T19:35:46+00:00\",\"dateModified\":\"2025-12-17T18:20:34+00:00\",\"description\":\"Planes de social media a la medida para Google e Instagram y cada red social atendiendo las necesidades de cada uno de nuestros clientes, programaci\u00f3n de publicaciones, estrategias, , facebook, power editor, campa\u00f1as publicitarias.\",\"breadcrumb\":{\"@id\":\"https:\/\/www.studioh.com.ve\/Home\/planes-de-social-media-google-instagram\/#breadcrumb\"},\"inLanguage\":\"es\",\"potentialAction\":[{\"@type\":\"ReadAction\",\"target\":[\"https:\/\/www.studioh.com.ve\/Home\/planes-de-social-media-google-instagram\/\"]}]},{\"@type\":\"ImageObject\",\"inLanguage\":\"es\",\"@id\":\"https:\/\/www.studioh.com.ve\/Home\/planes-de-social-media-google-instagram\/#primaryimage\",\"url\":\"https:\/\/www.studioh.com.ve\/Home\/wp-content\/uploads\/2023\/08\/C-Competencia.jpg\",\"contentUrl\":\"https:\/\/www.studioh.com.ve\/Home\/wp-content\/uploads\/2023\/08\/C-Competencia.jpg\",\"width\":450,\"height\":338},{\"@type\":\"BreadcrumbList\",\"@id\":\"https:\/\/www.studioh.com.ve\/Home\/planes-de-social-media-google-instagram\/#breadcrumb\",\"itemListElement\":[{\"@type\":\"ListItem\",\"position\":1,\"name\":\"Creaci\u00f3n de Imagen para la Internet de Hoy\",\"item\":\"https:\/\/www.studioh.com.ve\/Home\/\"},{\"@type\":\"ListItem\",\"position\":2,\"name\":\"Social Media\"}]},{\"@type\":\"WebSite\",\"@id\":\"https:\/\/www.studioh.com.ve\/Home\/#website\",\"url\":\"https:\/\/www.studioh.com.ve\/Home\/\",\"name\":\"Abstracta Marketing\",\"description\":\"Agencia Dedicada al Marketing Digital\",\"publisher\":{\"@id\":\"https:\/\/www.studioh.com.ve\/Home\/#organization\"},\"potentialAction\":[{\"@type\":\"SearchAction\",\"target\":{\"@type\":\"EntryPoint\",\"urlTemplate\":\"https:\/\/www.studioh.com.ve\/Home\/?s={search_term_string}\"},\"query-input\":{\"@type\":\"PropertyValueSpecification\",\"valueRequired\":true,\"valueName\":\"search_term_string\"}}],\"inLanguage\":\"es\"},{\"@type\":\"Organization\",\"@id\":\"https:\/\/www.studioh.com.ve\/Home\/#organization\",\"name\":\"Abstracta Marketing\",\"url\":\"https:\/\/www.studioh.com.ve\/Home\/\",\"logo\":{\"@type\":\"ImageObject\",\"inLanguage\":\"es\",\"@id\":\"https:\/\/www.studioh.com.ve\/Home\/#\/schema\/logo\/image\/\",\"url\":\"https:\/\/www.studioh.com.ve\/Home\/wp-content\/uploads\/2016\/09\/logo-studio-h.png\",\"contentUrl\":\"https:\/\/www.studioh.com.ve\/Home\/wp-content\/uploads\/2016\/09\/logo-studio-h.png\",\"width\":120,\"height\":120,\"caption\":\"Abstracta Marketing\"},\"image\":{\"@id\":\"https:\/\/www.studioh.com.ve\/Home\/#\/schema\/logo\/image\/\"},\"sameAs\":[\"https:\/\/www.facebook.com\/AbstractaCreative\",\"https:\/\/x.com\/AbstractaCM\",\"https:\/\/www.instagram.com\/abstractacreative\/\",\"https:\/\/www.linkedin.com\/in\/juan-carlos-hazanow-8b330896\/\",\"https:\/\/www.pinterest.es\/studiohabstracta\/\",\"https:\/\/www.youtube.com\/user\/studiohabstracta?feature=mhee\"]}]}<\/script>\n<!-- \/ Yoast SEO plugin. -->","yoast_head_json":{"title":"Planes de Social Media - Google e Instagram | Abstracta Agencia Digital","description":"Planes de social media a la medida para Google e Instagram y cada red social atendiendo las necesidades de cada uno de nuestros clientes, programaci\u00f3n de publicaciones, estrategias, , facebook, power editor, campa\u00f1as publicitarias.","robots":{"index":"index","follow":"follow","max-snippet":"max-snippet:-1","max-image-preview":"max-image-preview:large","max-video-preview":"max-video-preview:-1"},"canonical":"https:\/\/www.studioh.com.ve\/Home\/planes-de-social-media-google-instagram\/","og_locale":"es_ES","og_type":"article","og_title":"Planes de Social Media - Google e Instagram | Abstracta Agencia Digital","og_description":"Planes de social media a la medida para Google e Instagram y cada red social atendiendo las necesidades de cada uno de nuestros clientes, programaci\u00f3n de publicaciones, estrategias, , facebook, power editor, campa\u00f1as publicitarias.","og_url":"https:\/\/www.studioh.com.ve\/Home\/planes-de-social-media-google-instagram\/","og_site_name":"Abstracta Marketing","article_publisher":"https:\/\/www.facebook.com\/AbstractaCreative","article_modified_time":"2025-12-17T18:20:34+00:00","og_image":[{"url":"https:\/\/www.studioh.com.ve\/Home\/wp-content\/uploads\/2023\/08\/C-Competencia.jpg","type":"","width":"","height":""}],"twitter_card":"summary_large_image","twitter_site":"@AbstractaCM","twitter_misc":{"Tiempo de lectura":"1 minuto"},"schema":{"@context":"https:\/\/schema.org","@graph":[{"@type":"WebPage","@id":"https:\/\/www.studioh.com.ve\/Home\/planes-de-social-media-google-instagram\/","url":"https:\/\/www.studioh.com.ve\/Home\/planes-de-social-media-google-instagram\/","name":"Planes de Social Media - Google e Instagram | Abstracta Agencia Digital","isPartOf":{"@id":"https:\/\/www.studioh.com.ve\/Home\/#website"},"primaryImageOfPage":{"@id":"https:\/\/www.studioh.com.ve\/Home\/planes-de-social-media-google-instagram\/#primaryimage"},"image":{"@id":"https:\/\/www.studioh.com.ve\/Home\/planes-de-social-media-google-instagram\/#primaryimage"},"thumbnailUrl":"https:\/\/www.studioh.com.ve\/Home\/wp-content\/uploads\/2023\/08\/C-Competencia.jpg","datePublished":"2016-11-13T19:35:46+00:00","dateModified":"2025-12-17T18:20:34+00:00","description":"Planes de social media a la medida para Google e Instagram y cada red social atendiendo las necesidades de cada uno de nuestros clientes, programaci\u00f3n de publicaciones, estrategias, , facebook, power editor, campa\u00f1as publicitarias.","breadcrumb":{"@id":"https:\/\/www.studioh.com.ve\/Home\/planes-de-social-media-google-instagram\/#breadcrumb"},"inLanguage":"es","potentialAction":[{"@type":"ReadAction","target":["https:\/\/www.studioh.com.ve\/Home\/planes-de-social-media-google-instagram\/"]}]},{"@type":"ImageObject","inLanguage":"es","@id":"https:\/\/www.studioh.com.ve\/Home\/planes-de-social-media-google-instagram\/#primaryimage","url":"https:\/\/www.studioh.com.ve\/Home\/wp-content\/uploads\/2023\/08\/C-Competencia.jpg","contentUrl":"https:\/\/www.studioh.com.ve\/Home\/wp-content\/uploads\/2023\/08\/C-Competencia.jpg","width":450,"height":338},{"@type":"BreadcrumbList","@id":"https:\/\/www.studioh.com.ve\/Home\/planes-de-social-media-google-instagram\/#breadcrumb","itemListElement":[{"@type":"ListItem","position":1,"name":"Creaci\u00f3n de Imagen para la Internet de Hoy","item":"https:\/\/www.studioh.com.ve\/Home\/"},{"@type":"ListItem","position":2,"name":"Social Media"}]},{"@type":"WebSite","@id":"https:\/\/www.studioh.com.ve\/Home\/#website","url":"https:\/\/www.studioh.com.ve\/Home\/","name":"Abstracta Marketing","description":"Agencia Dedicada al Marketing Digital","publisher":{"@id":"https:\/\/www.studioh.com.ve\/Home\/#organization"},"potentialAction":[{"@type":"SearchAction","target":{"@type":"EntryPoint","urlTemplate":"https:\/\/www.studioh.com.ve\/Home\/?s={search_term_string}"},"query-input":{"@type":"PropertyValueSpecification","valueRequired":true,"valueName":"search_term_string"}}],"inLanguage":"es"},{"@type":"Organization","@id":"https:\/\/www.studioh.com.ve\/Home\/#organization","name":"Abstracta Marketing","url":"https:\/\/www.studioh.com.ve\/Home\/","logo":{"@type":"ImageObject","inLanguage":"es","@id":"https:\/\/www.studioh.com.ve\/Home\/#\/schema\/logo\/image\/","url":"https:\/\/www.studioh.com.ve\/Home\/wp-content\/uploads\/2016\/09\/logo-studio-h.png","contentUrl":"https:\/\/www.studioh.com.ve\/Home\/wp-content\/uploads\/2016\/09\/logo-studio-h.png","width":120,"height":120,"caption":"Abstracta Marketing"},"image":{"@id":"https:\/\/www.studioh.com.ve\/Home\/#\/schema\/logo\/image\/"},"sameAs":["https:\/\/www.facebook.com\/AbstractaCreative","https:\/\/x.com\/AbstractaCM","https:\/\/www.instagram.com\/abstractacreative\/","https:\/\/www.linkedin.com\/in\/juan-carlos-hazanow-8b330896\/","https:\/\/www.pinterest.es\/studiohabstracta\/","https:\/\/www.youtube.com\/user\/studiohabstracta?feature=mhee"]}]}},"_links":{"self":[{"href":"https:\/\/www.studioh.com.ve\/Home\/wp-json\/wp\/v2\/pages\/2199","targetHints":{"allow":["GET"]}}],"collection":[{"href":"https:\/\/www.studioh.com.ve\/Home\/wp-json\/wp\/v2\/pages"}],"about":[{"href":"https:\/\/www.studioh.com.ve\/Home\/wp-json\/wp\/v2\/types\/page"}],"author":[{"embeddable":true,"href":"https:\/\/www.studioh.com.ve\/Home\/wp-json\/wp\/v2\/users\/5"}],"replies":[{"embeddable":true,"href":"https:\/\/www.studioh.com.ve\/Home\/wp-json\/wp\/v2\/comments?post=2199"}],"version-history":[{"count":54,"href":"https:\/\/www.studioh.com.ve\/Home\/wp-json\/wp\/v2\/pages\/2199\/revisions"}],"predecessor-version":[{"id":22945,"href":"https:\/\/www.studioh.com.ve\/Home\/wp-json\/wp\/v2\/pages\/2199\/revisions\/22945"}],"wp:attachment":[{"href":"https:\/\/www.studioh.com.ve\/Home\/wp-json\/wp\/v2\/media?parent=2199"}],"curies":[{"name":"wp","href":"https:\/\/api.w.org\/{rel}","templated":true}]}}