{"id":21046,"date":"2023-06-04T01:57:45","date_gmt":"2023-06-04T01:57:45","guid":{"rendered":"https:\/\/www.studioh.com.ve\/Home\/?page_id=21046"},"modified":"2025-12-17T18:20:34","modified_gmt":"2025-12-17T18:20:34","slug":"videos-youtube","status":"publish","type":"page","link":"https:\/\/www.studioh.com.ve\/Home\/videos-youtube\/","title":{"rendered":"Videos YouTube"},"content":{"rendered":"<p><a href=\"#more\"><\/p>\n<p>V\u00eddeos\t\t\t\t\t\t\t\t\t\t\t\t\t\t<\/p>\n<p><!-- .container --><br \/>\n\t\t\t\t\t\t\t\t <!-- .overlay --><\/p>\n<p><\/a><\/p>\n<p>Videos<br \/>\n\t\t\t\t\t\t\t\t\t\t\t\t\t\t\t\t\t\t\t\t\t\tProducciones que Cuentan Historias<\/p>\n<p>Video 1<br \/>\n\t\t\t\t\t\t\t\t\t\t\t\t\t\t\t\t\t\t\t\t\t\t\t\t\t\t\t\t\t\t\t\t\t\t\t\t\thttpv:\/\/www.youtube.com\/watch?v=&#8221;dA0_1ws6M2E&#8221;<\/p>\n<p>Video 2<br \/>\n\t\t\t\t\t\t\t\t\t\t\t\t\t\t\t\t\t\t\t\t\t\t\t\t\t\t\t\t\t\t\t\t\t\t\t\t\thttpv:\/\/www.youtube.com\/watch?v=&#8221;rQJ_L1B6R60&#8243;<\/p>\n<p>Video 3<br \/>\n\t\t\t\t\t\t\t\t\t\t\t\t\t\t\t\t\t\t\t\t\t\t\t\t\t\t\t\t\t\t\t\t\t\t\t\t\thttpv:\/\/www.youtube.com\/watch?v=&#8221;Ll8yLTa582Y&#8221;<\/p>\n<p><!-- \/row --><\/p>\n<p><img decoding=\"async\" src=\"\/\/www.studioh.com.ve\/Home\/wp-content\/uploads\/2018\/12\/Slider-12.jpg\"><br \/>\nSlider 12YouTubeS\u00ed, desea ver una presentaci\u00f3n m\u00e1s extensa&#8230;<br \/>\n<a target=\"_blank\" href=\"https:\/\/www.youtube.com\/playlist?list=PLhxETFtuKBfx6Q4VRxNca3XzHqvjHkxJk\">M\u00c1S<\/a><\/p>\n","protected":false},"excerpt":{"rendered":"<p class=\"excerpt\">V\u00eddeos Videos Producciones que Cuentan Historias Video 1 Video 2 Video 3 Slider 12YouTubeS\u00ed, desea ver una presentaci\u00f3n m\u00e1s extensa&#8230; M\u00c1S<\/p>\n","protected":false},"author":5,"featured_media":0,"parent":0,"menu_order":0,"comment_status":"closed","ping_status":"closed","template":"builder.php","meta":{"footnotes":""},"class_list":["post-21046","page","type-page","status-publish","hentry"],"yoast_head":"<!-- This site is optimized with the Yoast SEO plugin v27.2 - https:\/\/yoast.com\/product\/yoast-seo-wordpress\/ -->\n<title>Abstracta Agencia Digital | Demo Videos YouTube<\/title>\n<meta name=\"description\" content=\"Portafolio de fotograf\u00edas alimentos, ambientes, corporativas, industriales y publicitarias. - Caracas, Venezuela.\" \/>\n<meta name=\"robots\" content=\"index, follow, max-snippet:-1, max-image-preview:large, max-video-preview:-1\" \/>\n<link rel=\"canonical\" href=\"https:\/\/www.studioh.com.ve\/Home\/videos-youtube\/\" \/>\n<meta property=\"og:locale\" content=\"es_ES\" \/>\n<meta property=\"og:type\" content=\"article\" \/>\n<meta property=\"og:title\" content=\"Abstracta Agencia Digital | Demo Videos YouTube\" \/>\n<meta property=\"og:description\" content=\"Portafolio de fotograf\u00edas alimentos, ambientes, corporativas, industriales y publicitarias. - Caracas, Venezuela.\" \/>\n<meta property=\"og:url\" content=\"https:\/\/www.studioh.com.ve\/Home\/videos-youtube\/\" \/>\n<meta property=\"og:site_name\" content=\"Abstracta Marketing\" \/>\n<meta property=\"article:publisher\" content=\"https:\/\/www.facebook.com\/AbstractaCreative\" \/>\n<meta property=\"article:modified_time\" content=\"2025-12-17T18:20:34+00:00\" \/>\n<meta property=\"og:image\" content=\"https:\/\/www.studioh.com.ve\/Home\/wp-content\/uploads\/2017\/10\/Facebook2017.jpg\" \/>\n\t<meta property=\"og:image:width\" content=\"600\" \/>\n\t<meta property=\"og:image:height\" content=\"300\" \/>\n\t<meta property=\"og:image:type\" content=\"image\/jpeg\" \/>\n<meta name=\"twitter:card\" content=\"summary_large_image\" \/>\n<meta name=\"twitter:site\" content=\"@AbstractaCM\" \/>\n<meta name=\"twitter:label1\" content=\"Tiempo de lectura\" \/>\n\t<meta name=\"twitter:data1\" content=\"1 minuto\" \/>\n<script type=\"application\/ld+json\" class=\"yoast-schema-graph\">{\"@context\":\"https:\/\/schema.org\",\"@graph\":[{\"@type\":\"WebPage\",\"@id\":\"https:\/\/www.studioh.com.ve\/Home\/videos-youtube\/\",\"url\":\"https:\/\/www.studioh.com.ve\/Home\/videos-youtube\/\",\"name\":\"Abstracta Agencia Digital | Demo Videos YouTube\",\"isPartOf\":{\"@id\":\"https:\/\/www.studioh.com.ve\/Home\/#website\"},\"datePublished\":\"2023-06-04T01:57:45+00:00\",\"dateModified\":\"2025-12-17T18:20:34+00:00\",\"description\":\"Portafolio de fotograf\u00edas alimentos, ambientes, corporativas, industriales y publicitarias. - Caracas, Venezuela.\",\"breadcrumb\":{\"@id\":\"https:\/\/www.studioh.com.ve\/Home\/videos-youtube\/#breadcrumb\"},\"inLanguage\":\"es\",\"potentialAction\":[{\"@type\":\"ReadAction\",\"target\":[\"https:\/\/www.studioh.com.ve\/Home\/videos-youtube\/\"]}]},{\"@type\":\"BreadcrumbList\",\"@id\":\"https:\/\/www.studioh.com.ve\/Home\/videos-youtube\/#breadcrumb\",\"itemListElement\":[{\"@type\":\"ListItem\",\"position\":1,\"name\":\"Creaci\u00f3n de Imagen para la Internet de Hoy\",\"item\":\"https:\/\/www.studioh.com.ve\/Home\/\"},{\"@type\":\"ListItem\",\"position\":2,\"name\":\"Videos YouTube\"}]},{\"@type\":\"WebSite\",\"@id\":\"https:\/\/www.studioh.com.ve\/Home\/#website\",\"url\":\"https:\/\/www.studioh.com.ve\/Home\/\",\"name\":\"Abstracta Marketing\",\"description\":\"Agencia Dedicada al Marketing Digital\",\"publisher\":{\"@id\":\"https:\/\/www.studioh.com.ve\/Home\/#organization\"},\"potentialAction\":[{\"@type\":\"SearchAction\",\"target\":{\"@type\":\"EntryPoint\",\"urlTemplate\":\"https:\/\/www.studioh.com.ve\/Home\/?s={search_term_string}\"},\"query-input\":{\"@type\":\"PropertyValueSpecification\",\"valueRequired\":true,\"valueName\":\"search_term_string\"}}],\"inLanguage\":\"es\"},{\"@type\":\"Organization\",\"@id\":\"https:\/\/www.studioh.com.ve\/Home\/#organization\",\"name\":\"Abstracta Marketing\",\"url\":\"https:\/\/www.studioh.com.ve\/Home\/\",\"logo\":{\"@type\":\"ImageObject\",\"inLanguage\":\"es\",\"@id\":\"https:\/\/www.studioh.com.ve\/Home\/#\/schema\/logo\/image\/\",\"url\":\"https:\/\/www.studioh.com.ve\/Home\/wp-content\/uploads\/2016\/09\/logo-studio-h.png\",\"contentUrl\":\"https:\/\/www.studioh.com.ve\/Home\/wp-content\/uploads\/2016\/09\/logo-studio-h.png\",\"width\":120,\"height\":120,\"caption\":\"Abstracta Marketing\"},\"image\":{\"@id\":\"https:\/\/www.studioh.com.ve\/Home\/#\/schema\/logo\/image\/\"},\"sameAs\":[\"https:\/\/www.facebook.com\/AbstractaCreative\",\"https:\/\/x.com\/AbstractaCM\",\"https:\/\/www.instagram.com\/abstractacreative\/\",\"https:\/\/www.linkedin.com\/in\/juan-carlos-hazanow-8b330896\/\",\"https:\/\/www.pinterest.es\/studiohabstracta\/\",\"https:\/\/www.youtube.com\/user\/studiohabstracta?feature=mhee\"]}]}<\/script>\n<!-- \/ Yoast SEO plugin. -->","yoast_head_json":{"title":"Abstracta Agencia Digital | Demo Videos YouTube","description":"Portafolio de fotograf\u00edas alimentos, ambientes, corporativas, industriales y publicitarias. - Caracas, Venezuela.","robots":{"index":"index","follow":"follow","max-snippet":"max-snippet:-1","max-image-preview":"max-image-preview:large","max-video-preview":"max-video-preview:-1"},"canonical":"https:\/\/www.studioh.com.ve\/Home\/videos-youtube\/","og_locale":"es_ES","og_type":"article","og_title":"Abstracta Agencia Digital | Demo Videos YouTube","og_description":"Portafolio de fotograf\u00edas alimentos, ambientes, corporativas, industriales y publicitarias. - Caracas, Venezuela.","og_url":"https:\/\/www.studioh.com.ve\/Home\/videos-youtube\/","og_site_name":"Abstracta Marketing","article_publisher":"https:\/\/www.facebook.com\/AbstractaCreative","article_modified_time":"2025-12-17T18:20:34+00:00","og_image":[{"width":600,"height":300,"url":"https:\/\/www.studioh.com.ve\/Home\/wp-content\/uploads\/2017\/10\/Facebook2017.jpg","type":"image\/jpeg"}],"twitter_card":"summary_large_image","twitter_site":"@AbstractaCM","twitter_misc":{"Tiempo de lectura":"1 minuto"},"schema":{"@context":"https:\/\/schema.org","@graph":[{"@type":"WebPage","@id":"https:\/\/www.studioh.com.ve\/Home\/videos-youtube\/","url":"https:\/\/www.studioh.com.ve\/Home\/videos-youtube\/","name":"Abstracta Agencia Digital | Demo Videos YouTube","isPartOf":{"@id":"https:\/\/www.studioh.com.ve\/Home\/#website"},"datePublished":"2023-06-04T01:57:45+00:00","dateModified":"2025-12-17T18:20:34+00:00","description":"Portafolio de fotograf\u00edas alimentos, ambientes, corporativas, industriales y publicitarias. - Caracas, Venezuela.","breadcrumb":{"@id":"https:\/\/www.studioh.com.ve\/Home\/videos-youtube\/#breadcrumb"},"inLanguage":"es","potentialAction":[{"@type":"ReadAction","target":["https:\/\/www.studioh.com.ve\/Home\/videos-youtube\/"]}]},{"@type":"BreadcrumbList","@id":"https:\/\/www.studioh.com.ve\/Home\/videos-youtube\/#breadcrumb","itemListElement":[{"@type":"ListItem","position":1,"name":"Creaci\u00f3n de Imagen para la Internet de Hoy","item":"https:\/\/www.studioh.com.ve\/Home\/"},{"@type":"ListItem","position":2,"name":"Videos YouTube"}]},{"@type":"WebSite","@id":"https:\/\/www.studioh.com.ve\/Home\/#website","url":"https:\/\/www.studioh.com.ve\/Home\/","name":"Abstracta Marketing","description":"Agencia Dedicada al Marketing Digital","publisher":{"@id":"https:\/\/www.studioh.com.ve\/Home\/#organization"},"potentialAction":[{"@type":"SearchAction","target":{"@type":"EntryPoint","urlTemplate":"https:\/\/www.studioh.com.ve\/Home\/?s={search_term_string}"},"query-input":{"@type":"PropertyValueSpecification","valueRequired":true,"valueName":"search_term_string"}}],"inLanguage":"es"},{"@type":"Organization","@id":"https:\/\/www.studioh.com.ve\/Home\/#organization","name":"Abstracta Marketing","url":"https:\/\/www.studioh.com.ve\/Home\/","logo":{"@type":"ImageObject","inLanguage":"es","@id":"https:\/\/www.studioh.com.ve\/Home\/#\/schema\/logo\/image\/","url":"https:\/\/www.studioh.com.ve\/Home\/wp-content\/uploads\/2016\/09\/logo-studio-h.png","contentUrl":"https:\/\/www.studioh.com.ve\/Home\/wp-content\/uploads\/2016\/09\/logo-studio-h.png","width":120,"height":120,"caption":"Abstracta Marketing"},"image":{"@id":"https:\/\/www.studioh.com.ve\/Home\/#\/schema\/logo\/image\/"},"sameAs":["https:\/\/www.facebook.com\/AbstractaCreative","https:\/\/x.com\/AbstractaCM","https:\/\/www.instagram.com\/abstractacreative\/","https:\/\/www.linkedin.com\/in\/juan-carlos-hazanow-8b330896\/","https:\/\/www.pinterest.es\/studiohabstracta\/","https:\/\/www.youtube.com\/user\/studiohabstracta?feature=mhee"]}]}},"_links":{"self":[{"href":"https:\/\/www.studioh.com.ve\/Home\/wp-json\/wp\/v2\/pages\/21046","targetHints":{"allow":["GET"]}}],"collection":[{"href":"https:\/\/www.studioh.com.ve\/Home\/wp-json\/wp\/v2\/pages"}],"about":[{"href":"https:\/\/www.studioh.com.ve\/Home\/wp-json\/wp\/v2\/types\/page"}],"author":[{"embeddable":true,"href":"https:\/\/www.studioh.com.ve\/Home\/wp-json\/wp\/v2\/users\/5"}],"replies":[{"embeddable":true,"href":"https:\/\/www.studioh.com.ve\/Home\/wp-json\/wp\/v2\/comments?post=21046"}],"version-history":[{"count":56,"href":"https:\/\/www.studioh.com.ve\/Home\/wp-json\/wp\/v2\/pages\/21046\/revisions"}],"predecessor-version":[{"id":22939,"href":"https:\/\/www.studioh.com.ve\/Home\/wp-json\/wp\/v2\/pages\/21046\/revisions\/22939"}],"wp:attachment":[{"href":"https:\/\/www.studioh.com.ve\/Home\/wp-json\/wp\/v2\/media?parent=21046"}],"curies":[{"name":"wp","href":"https:\/\/api.w.org\/{rel}","templated":true}]}}