{"id":1588,"date":"2016-11-08T07:11:40","date_gmt":"2016-11-08T07:11:40","guid":{"rendered":"http:\/\/www.studioh.com.ve\/Home\/?page_id=1588"},"modified":"2025-12-17T18:20:34","modified_gmt":"2025-12-17T18:20:34","slug":"portafolio-de-paginas-web-en-wordpress","status":"publish","type":"page","link":"https:\/\/www.studioh.com.ve\/Home\/portafolio-de-paginas-web-en-wordpress\/","title":{"rendered":"Portafolio Websites"},"content":{"rendered":"<p><a href=\"#more\"><\/p>\n<p>Sitios Web\t\t\t\t\t\t\t\t\t\t\t\t\t\t<\/p>\n<p><!-- .container --><br \/>\n\t\t\t\t\t\t\t\t <!-- .overlay --><\/p>\n<p><\/a><\/p>\n<p><a href=\"https:\/\/www.laboratoriosvargas.com\/\" target=\"_blank\"><br \/>\n\t\t\t\t\t\t\t\t\t\t\t\t\t\t\t\t\t\t\t\t\t\t\t\t\t<img loading=\"lazy\" decoding=\"async\" width=\"450\" height=\"338\" src=\"https:\/\/www.studioh.com.ve\/Home\/wp-content\/uploads\/2021\/02\/25-Lab-Vargas.jpg\" \/>\t\t\t\t\t\t\t\t\t\t\t\t\t\t\t\t\t\t\t\t\t\t\t\t\t<\/a><\/p>\n<p>Laboratorios VargasSitio web corporativo integral con cat\u00e1logo de productos.<\/p>\n<p><a href=\"https:\/\/calzadosrossi.com\/\" target=\"_blank\"><br \/>\n\t\t\t\t\t\t\t\t\t\t\t\t\t\t\t\t\t\t\t\t\t\t\t\t\t<img loading=\"lazy\" decoding=\"async\" width=\"450\" height=\"338\" src=\"https:\/\/www.studioh.com.ve\/Home\/wp-content\/uploads\/2019\/07\/22-Calzados-Rossi.jpg\" \/>\t\t\t\t\t\t\t\t\t\t\t\t\t\t\t\t\t\t\t\t\t\t\t\t\t<\/a><\/p>\n<p>Calzados RossiSitio web desarrollado en WordPress con catalogo incluyendo la producci\u00f3n fotogr\u00e1fica incluido en el mismo<\/p>\n<p><a href=\"https:\/\/kimiceg.net\/\" target=\"_blank\"><br \/>\n\t\t\t\t\t\t\t\t\t\t\t\t\t\t\t\t\t\t\t\t\t\t\t\t\t<img loading=\"lazy\" decoding=\"async\" width=\"450\" height=\"338\" src=\"https:\/\/www.studioh.com.ve\/Home\/wp-content\/uploads\/2017\/08\/13-Kimiceg.jpg\" \/>\t\t\t\t\t\t\t\t\t\t\t\t\t\t\t\t\t\t\t\t\t\t\t\t\t<\/a><\/p>\n<p>Laboratorios KimicegP\u00e1gina Adaptive Response que mejora la presencia de este cliente y la interacci\u00f3n con su audiencia en la Internet.<\/p>\n<p><a href=\"https:\/\/gemaquinmaterials.com\/\" target=\"_blank\"><br \/>\n\t\t\t\t\t\t\t\t\t\t\t\t\t\t\t\t\t\t\t\t\t\t\t\t\t<img loading=\"lazy\" decoding=\"async\" width=\"450\" height=\"338\" src=\"https:\/\/www.studioh.com.ve\/Home\/wp-content\/uploads\/2024\/04\/26-Gemaquin.jpg\" \/>\t\t\t\t\t\t\t\t\t\t\t\t\t\t\t\t\t\t\t\t\t\t\t\t\t<\/a><\/p>\n<p>GemaquinSitio web dedicado a la comercializaci\u00f3n de materias primas farmace\u00faticas<\/p>\n<p><a href=\"https:\/\/zuozpharma.com\" target=\"_blank\"><br \/>\n\t\t\t\t\t\t\t\t\t\t\t\t\t\t\t\t\t\t\t\t\t\t\t\t\t<img loading=\"lazy\" decoding=\"async\" width=\"450\" height=\"338\" src=\"https:\/\/www.studioh.com.ve\/Home\/wp-content\/uploads\/2021\/07\/26-Zuoz.jpg\" \/>\t\t\t\t\t\t\t\t\t\t\t\t\t\t\t\t\t\t\t\t\t\t\t\t\t<\/a><\/p>\n<p>Zuoz PharmaLaboratorio farmace\u00fatico dedicado a la comercializaci\u00f3n de medicamentos nacionales e importados.\u00a0<\/p>\n<p><a href=\"https:\/\/totalpopint.com\/\" target=\"_blank\"><br \/>\n\t\t\t\t\t\t\t\t\t\t\t\t\t\t\t\t\t\t\t\t\t\t\t\t\t<img loading=\"lazy\" decoding=\"async\" width=\"450\" height=\"338\" src=\"https:\/\/www.studioh.com.ve\/Home\/wp-content\/uploads\/2018\/11\/20-Total-POP-1.jpg\" \/>\t\t\t\t\t\t\t\t\t\t\t\t\t\t\t\t\t\t\t\t\t\t\t\t\t<\/a><\/p>\n<p>Total POPOptimizaci\u00f3n de sitio web, presencia en la Internet, SEO, campa\u00f1as Google Adwords &#8211; Instagram &#8211; Carro de compras.<\/p>\n<p><a href=\"https:\/\/grupoaerometal.com\/\" target=\"_blank\"><br \/>\n\t\t\t\t\t\t\t\t\t\t\t\t\t\t\t\t\t\t\t\t\t\t\t\t\t<img loading=\"lazy\" decoding=\"async\" width=\"450\" height=\"338\" src=\"https:\/\/www.studioh.com.ve\/Home\/wp-content\/uploads\/2024\/10\/28-Aerometal.jpg\" \/>\t\t\t\t\t\t\t\t\t\t\t\t\t\t\t\t\t\t\t\t\t\t\t\t\t<\/a><\/p>\n<p>Grupo AerometalVenta de rejilas y ventiladores industriales. .\u00a0<\/p>\n<p><a href=\"https:\/\/equiposbeygelabbioanalista.com\" target=\"_blank\"><br \/>\n\t\t\t\t\t\t\t\t\t\t\t\t\t\t\t\t\t\t\t\t\t\t\t\t\t<img loading=\"lazy\" decoding=\"async\" width=\"450\" height=\"338\" src=\"https:\/\/www.studioh.com.ve\/Home\/wp-content\/uploads\/2024\/10\/27-Beygelab.jpg\" \/>\t\t\t\t\t\t\t\t\t\t\t\t\t\t\t\t\t\t\t\t\t\t\t\t\t<\/a><\/p>\n<p>BeygelabSitio web desarrollado para Suministros Beygelab especializado en la venta de equipos de laboratorio<\/p>\n<p><img loading=\"lazy\" decoding=\"async\" width=\"450\" height=\"338\" src=\"https:\/\/www.studioh.com.ve\/Home\/wp-content\/uploads\/2023\/06\/15-Salon-Cristal.jpg\" \/>\t\t\t\t\t\t\t\t\t\t\t\t\t\t\t\t\t\t\t\t\t\t\t<\/p>\n<p>Festejos Sal\u00f3n CristalEl hosting de este cliente actualmente est\u00e1 experimentado problemas. Pr\u00f3ximamente estar\u00e1 en l\u00ednea.\u00a0<\/p>\n<p><img loading=\"lazy\" decoding=\"async\" width=\"450\" height=\"338\" src=\"https:\/\/www.studioh.com.ve\/Home\/wp-content\/uploads\/2017\/08\/14-Selva-Negra.jpg\" \/>\t\t\t\t\t\t\t\t\t\t\t\t\t\t\t\t\t\t\t\t\t\t\t<\/p>\n<p>Hotel Selva NegraEl hosting de este cliente actualmente est\u00e1 experimentado problemas. Pr\u00f3ximamente estar\u00e1 en l\u00ednea.<\/p>\n<p><a href=\"http:\/\/taiko.com.ve\/\" target=\"_blank\"><br \/>\n\t\t\t\t\t\t\t\t\t\t\t\t\t\t\t\t\t\t\t\t\t\t\t\t\t<img loading=\"lazy\" decoding=\"async\" width=\"450\" height=\"338\" src=\"https:\/\/www.studioh.com.ve\/Home\/wp-content\/uploads\/2023\/06\/4-Taiko.jpg\" \/>\t\t\t\t\t\t\t\t\t\t\t\t\t\t\t\t\t\t\t\t\t\t\t\t\t<\/a><\/p>\n<p>Taiko RestaurantP\u00e1gina Adaptive Response para la promoci\u00f3n de este restaurante especializado en gastronom\u00eda Japonesa.<\/p>\n<p><a href=\"https:\/\/www.grupo-vargas.com\/\" target=\"_blank\"><br \/>\n\t\t\t\t\t\t\t\t\t\t\t\t\t\t\t\t\t\t\t\t\t\t\t\t\t<img loading=\"lazy\" decoding=\"async\" width=\"450\" height=\"338\" src=\"https:\/\/www.studioh.com.ve\/Home\/wp-content\/uploads\/2021\/01\/24-Grupo-Vargas.jpg\" \/>\t\t\t\t\t\t\t\t\t\t\t\t\t\t\t\t\t\t\t\t\t\t\t\t\t<\/a><\/p>\n<p>Grupo VargasSitio web corporativo que re\u00fane a un conjunto de laboratorios que forma parte de un holding<\/p>\n<p><!-- \/row --><\/p>\n<p><img decoding=\"async\" src=\"\/\/www.studioh.com.ve\/Home\/wp-content\/uploads\/2018\/12\/Slider-12.jpg\"><br \/>\nSlider 12Trabajamos en alianza con Yellow Digital con lo cual ampliamos nuestros capacidad de respuesta y mejoramos nuestro desempe\u00f1o con el respaldo de m\u00e1s de 200 proyectos web desarrollados tanto nacional como internacionalmente.<br \/>\n<a href=\"https:\/\/www.studioh.com.ve\/Home\/marketing-diseno-web-alianza-estrategica-yellow-digital-abstracta\/\">Alianzas<\/a><\/p>\n","protected":false},"excerpt":{"rendered":"<p class=\"excerpt\">Sitios Web Laboratorios VargasSitio web corporativo integral con cat\u00e1logo de productos. Calzados RossiSitio web desarrollado en WordPress con catalogo incluyendo la producci\u00f3n fotogr\u00e1fica incluido en el mismo Laboratorios KimicegP\u00e1gina Adaptive Response que mejora la presencia de este cliente y la interacci\u00f3n con su audiencia en la Internet. GemaquinSitio web dedicado a la comercializaci\u00f3n de materias [&hellip;]<\/p>\n","protected":false},"author":5,"featured_media":0,"parent":0,"menu_order":0,"comment_status":"closed","ping_status":"closed","template":"builder.php","meta":{"footnotes":""},"class_list":["post-1588","page","type-page","status-publish","hentry"],"yoast_head":"<!-- This site is optimized with the Yoast SEO plugin v27.2 - https:\/\/yoast.com\/product\/yoast-seo-wordpress\/ -->\n<title>Abstracta Agencia Digital | Portafolio de P\u00e1ginas Web en Wordpress<\/title>\n<meta name=\"description\" content=\"Portafolio de P\u00e1ginas Web Responsivas con SEO desarrolladas en coordinaci\u00f3n con Yellow Agencia Digital, plataforma Wordpress - Caracas, Venezuela\" \/>\n<meta name=\"robots\" content=\"index, follow, max-snippet:-1, max-image-preview:large, max-video-preview:-1\" \/>\n<link rel=\"canonical\" href=\"https:\/\/www.studioh.com.ve\/Home\/portafolio-de-paginas-web-en-wordpress\/\" \/>\n<meta property=\"og:locale\" content=\"es_ES\" \/>\n<meta property=\"og:type\" content=\"article\" \/>\n<meta property=\"og:title\" content=\"Abstracta Agencia Digital | Portafolio de P\u00e1ginas Web en Wordpress\" \/>\n<meta property=\"og:description\" content=\"Portafolio de P\u00e1ginas Web Responsivas con SEO desarrolladas en coordinaci\u00f3n con Yellow Agencia Digital, plataforma Wordpress - Caracas, Venezuela\" \/>\n<meta property=\"og:url\" content=\"https:\/\/www.studioh.com.ve\/Home\/portafolio-de-paginas-web-en-wordpress\/\" \/>\n<meta property=\"og:site_name\" content=\"Abstracta Marketing\" \/>\n<meta property=\"article:publisher\" content=\"https:\/\/www.facebook.com\/AbstractaCreative\" \/>\n<meta property=\"article:modified_time\" content=\"2025-12-17T18:20:34+00:00\" \/>\n<meta property=\"og:image\" content=\"https:\/\/www.studioh.com.ve\/Home\/wp-content\/uploads\/2021\/02\/25-Lab-Vargas.jpg\" \/>\n<meta name=\"twitter:card\" content=\"summary_large_image\" \/>\n<meta name=\"twitter:site\" content=\"@AbstractaCM\" \/>\n<meta name=\"twitter:label1\" content=\"Tiempo de lectura\" \/>\n\t<meta name=\"twitter:data1\" content=\"1 minuto\" \/>\n<script type=\"application\/ld+json\" class=\"yoast-schema-graph\">{\"@context\":\"https:\/\/schema.org\",\"@graph\":[{\"@type\":\"WebPage\",\"@id\":\"https:\/\/www.studioh.com.ve\/Home\/portafolio-de-paginas-web-en-wordpress\/\",\"url\":\"https:\/\/www.studioh.com.ve\/Home\/portafolio-de-paginas-web-en-wordpress\/\",\"name\":\"Abstracta Agencia Digital | Portafolio de P\u00e1ginas Web en Wordpress\",\"isPartOf\":{\"@id\":\"https:\/\/www.studioh.com.ve\/Home\/#website\"},\"primaryImageOfPage\":{\"@id\":\"https:\/\/www.studioh.com.ve\/Home\/portafolio-de-paginas-web-en-wordpress\/#primaryimage\"},\"image\":{\"@id\":\"https:\/\/www.studioh.com.ve\/Home\/portafolio-de-paginas-web-en-wordpress\/#primaryimage\"},\"thumbnailUrl\":\"https:\/\/www.studioh.com.ve\/Home\/wp-content\/uploads\/2021\/02\/25-Lab-Vargas.jpg\",\"datePublished\":\"2016-11-08T07:11:40+00:00\",\"dateModified\":\"2025-12-17T18:20:34+00:00\",\"description\":\"Portafolio de P\u00e1ginas Web Responsivas con SEO desarrolladas en coordinaci\u00f3n con Yellow Agencia Digital, plataforma Wordpress - Caracas, Venezuela\",\"breadcrumb\":{\"@id\":\"https:\/\/www.studioh.com.ve\/Home\/portafolio-de-paginas-web-en-wordpress\/#breadcrumb\"},\"inLanguage\":\"es\",\"potentialAction\":[{\"@type\":\"ReadAction\",\"target\":[\"https:\/\/www.studioh.com.ve\/Home\/portafolio-de-paginas-web-en-wordpress\/\"]}]},{\"@type\":\"ImageObject\",\"inLanguage\":\"es\",\"@id\":\"https:\/\/www.studioh.com.ve\/Home\/portafolio-de-paginas-web-en-wordpress\/#primaryimage\",\"url\":\"https:\/\/www.studioh.com.ve\/Home\/wp-content\/uploads\/2021\/02\/25-Lab-Vargas.jpg\",\"contentUrl\":\"https:\/\/www.studioh.com.ve\/Home\/wp-content\/uploads\/2021\/02\/25-Lab-Vargas.jpg\",\"width\":450,\"height\":338},{\"@type\":\"BreadcrumbList\",\"@id\":\"https:\/\/www.studioh.com.ve\/Home\/portafolio-de-paginas-web-en-wordpress\/#breadcrumb\",\"itemListElement\":[{\"@type\":\"ListItem\",\"position\":1,\"name\":\"Creaci\u00f3n de Imagen para la Internet de Hoy\",\"item\":\"https:\/\/www.studioh.com.ve\/Home\/\"},{\"@type\":\"ListItem\",\"position\":2,\"name\":\"Portafolio Websites\"}]},{\"@type\":\"WebSite\",\"@id\":\"https:\/\/www.studioh.com.ve\/Home\/#website\",\"url\":\"https:\/\/www.studioh.com.ve\/Home\/\",\"name\":\"Abstracta Marketing\",\"description\":\"Agencia Dedicada al Marketing Digital\",\"publisher\":{\"@id\":\"https:\/\/www.studioh.com.ve\/Home\/#organization\"},\"potentialAction\":[{\"@type\":\"SearchAction\",\"target\":{\"@type\":\"EntryPoint\",\"urlTemplate\":\"https:\/\/www.studioh.com.ve\/Home\/?s={search_term_string}\"},\"query-input\":{\"@type\":\"PropertyValueSpecification\",\"valueRequired\":true,\"valueName\":\"search_term_string\"}}],\"inLanguage\":\"es\"},{\"@type\":\"Organization\",\"@id\":\"https:\/\/www.studioh.com.ve\/Home\/#organization\",\"name\":\"Abstracta Marketing\",\"url\":\"https:\/\/www.studioh.com.ve\/Home\/\",\"logo\":{\"@type\":\"ImageObject\",\"inLanguage\":\"es\",\"@id\":\"https:\/\/www.studioh.com.ve\/Home\/#\/schema\/logo\/image\/\",\"url\":\"https:\/\/www.studioh.com.ve\/Home\/wp-content\/uploads\/2016\/09\/logo-studio-h.png\",\"contentUrl\":\"https:\/\/www.studioh.com.ve\/Home\/wp-content\/uploads\/2016\/09\/logo-studio-h.png\",\"width\":120,\"height\":120,\"caption\":\"Abstracta Marketing\"},\"image\":{\"@id\":\"https:\/\/www.studioh.com.ve\/Home\/#\/schema\/logo\/image\/\"},\"sameAs\":[\"https:\/\/www.facebook.com\/AbstractaCreative\",\"https:\/\/x.com\/AbstractaCM\",\"https:\/\/www.instagram.com\/abstractacreative\/\",\"https:\/\/www.linkedin.com\/in\/juan-carlos-hazanow-8b330896\/\",\"https:\/\/www.pinterest.es\/studiohabstracta\/\",\"https:\/\/www.youtube.com\/user\/studiohabstracta?feature=mhee\"]}]}<\/script>\n<!-- \/ Yoast SEO plugin. -->","yoast_head_json":{"title":"Abstracta Agencia Digital | Portafolio de P\u00e1ginas Web en Wordpress","description":"Portafolio de P\u00e1ginas Web Responsivas con SEO desarrolladas en coordinaci\u00f3n con Yellow Agencia Digital, plataforma Wordpress - Caracas, Venezuela","robots":{"index":"index","follow":"follow","max-snippet":"max-snippet:-1","max-image-preview":"max-image-preview:large","max-video-preview":"max-video-preview:-1"},"canonical":"https:\/\/www.studioh.com.ve\/Home\/portafolio-de-paginas-web-en-wordpress\/","og_locale":"es_ES","og_type":"article","og_title":"Abstracta Agencia Digital | Portafolio de P\u00e1ginas Web en Wordpress","og_description":"Portafolio de P\u00e1ginas Web Responsivas con SEO desarrolladas en coordinaci\u00f3n con Yellow Agencia Digital, plataforma Wordpress - Caracas, Venezuela","og_url":"https:\/\/www.studioh.com.ve\/Home\/portafolio-de-paginas-web-en-wordpress\/","og_site_name":"Abstracta Marketing","article_publisher":"https:\/\/www.facebook.com\/AbstractaCreative","article_modified_time":"2025-12-17T18:20:34+00:00","og_image":[{"url":"https:\/\/www.studioh.com.ve\/Home\/wp-content\/uploads\/2021\/02\/25-Lab-Vargas.jpg","type":"","width":"","height":""}],"twitter_card":"summary_large_image","twitter_site":"@AbstractaCM","twitter_misc":{"Tiempo de lectura":"1 minuto"},"schema":{"@context":"https:\/\/schema.org","@graph":[{"@type":"WebPage","@id":"https:\/\/www.studioh.com.ve\/Home\/portafolio-de-paginas-web-en-wordpress\/","url":"https:\/\/www.studioh.com.ve\/Home\/portafolio-de-paginas-web-en-wordpress\/","name":"Abstracta Agencia Digital | Portafolio de P\u00e1ginas Web en Wordpress","isPartOf":{"@id":"https:\/\/www.studioh.com.ve\/Home\/#website"},"primaryImageOfPage":{"@id":"https:\/\/www.studioh.com.ve\/Home\/portafolio-de-paginas-web-en-wordpress\/#primaryimage"},"image":{"@id":"https:\/\/www.studioh.com.ve\/Home\/portafolio-de-paginas-web-en-wordpress\/#primaryimage"},"thumbnailUrl":"https:\/\/www.studioh.com.ve\/Home\/wp-content\/uploads\/2021\/02\/25-Lab-Vargas.jpg","datePublished":"2016-11-08T07:11:40+00:00","dateModified":"2025-12-17T18:20:34+00:00","description":"Portafolio de P\u00e1ginas Web Responsivas con SEO desarrolladas en coordinaci\u00f3n con Yellow Agencia Digital, plataforma Wordpress - Caracas, Venezuela","breadcrumb":{"@id":"https:\/\/www.studioh.com.ve\/Home\/portafolio-de-paginas-web-en-wordpress\/#breadcrumb"},"inLanguage":"es","potentialAction":[{"@type":"ReadAction","target":["https:\/\/www.studioh.com.ve\/Home\/portafolio-de-paginas-web-en-wordpress\/"]}]},{"@type":"ImageObject","inLanguage":"es","@id":"https:\/\/www.studioh.com.ve\/Home\/portafolio-de-paginas-web-en-wordpress\/#primaryimage","url":"https:\/\/www.studioh.com.ve\/Home\/wp-content\/uploads\/2021\/02\/25-Lab-Vargas.jpg","contentUrl":"https:\/\/www.studioh.com.ve\/Home\/wp-content\/uploads\/2021\/02\/25-Lab-Vargas.jpg","width":450,"height":338},{"@type":"BreadcrumbList","@id":"https:\/\/www.studioh.com.ve\/Home\/portafolio-de-paginas-web-en-wordpress\/#breadcrumb","itemListElement":[{"@type":"ListItem","position":1,"name":"Creaci\u00f3n de Imagen para la Internet de Hoy","item":"https:\/\/www.studioh.com.ve\/Home\/"},{"@type":"ListItem","position":2,"name":"Portafolio Websites"}]},{"@type":"WebSite","@id":"https:\/\/www.studioh.com.ve\/Home\/#website","url":"https:\/\/www.studioh.com.ve\/Home\/","name":"Abstracta Marketing","description":"Agencia Dedicada al Marketing Digital","publisher":{"@id":"https:\/\/www.studioh.com.ve\/Home\/#organization"},"potentialAction":[{"@type":"SearchAction","target":{"@type":"EntryPoint","urlTemplate":"https:\/\/www.studioh.com.ve\/Home\/?s={search_term_string}"},"query-input":{"@type":"PropertyValueSpecification","valueRequired":true,"valueName":"search_term_string"}}],"inLanguage":"es"},{"@type":"Organization","@id":"https:\/\/www.studioh.com.ve\/Home\/#organization","name":"Abstracta Marketing","url":"https:\/\/www.studioh.com.ve\/Home\/","logo":{"@type":"ImageObject","inLanguage":"es","@id":"https:\/\/www.studioh.com.ve\/Home\/#\/schema\/logo\/image\/","url":"https:\/\/www.studioh.com.ve\/Home\/wp-content\/uploads\/2016\/09\/logo-studio-h.png","contentUrl":"https:\/\/www.studioh.com.ve\/Home\/wp-content\/uploads\/2016\/09\/logo-studio-h.png","width":120,"height":120,"caption":"Abstracta Marketing"},"image":{"@id":"https:\/\/www.studioh.com.ve\/Home\/#\/schema\/logo\/image\/"},"sameAs":["https:\/\/www.facebook.com\/AbstractaCreative","https:\/\/x.com\/AbstractaCM","https:\/\/www.instagram.com\/abstractacreative\/","https:\/\/www.linkedin.com\/in\/juan-carlos-hazanow-8b330896\/","https:\/\/www.pinterest.es\/studiohabstracta\/","https:\/\/www.youtube.com\/user\/studiohabstracta?feature=mhee"]}]}},"_links":{"self":[{"href":"https:\/\/www.studioh.com.ve\/Home\/wp-json\/wp\/v2\/pages\/1588","targetHints":{"allow":["GET"]}}],"collection":[{"href":"https:\/\/www.studioh.com.ve\/Home\/wp-json\/wp\/v2\/pages"}],"about":[{"href":"https:\/\/www.studioh.com.ve\/Home\/wp-json\/wp\/v2\/types\/page"}],"author":[{"embeddable":true,"href":"https:\/\/www.studioh.com.ve\/Home\/wp-json\/wp\/v2\/users\/5"}],"replies":[{"embeddable":true,"href":"https:\/\/www.studioh.com.ve\/Home\/wp-json\/wp\/v2\/comments?post=1588"}],"version-history":[{"count":54,"href":"https:\/\/www.studioh.com.ve\/Home\/wp-json\/wp\/v2\/pages\/1588\/revisions"}],"predecessor-version":[{"id":22947,"href":"https:\/\/www.studioh.com.ve\/Home\/wp-json\/wp\/v2\/pages\/1588\/revisions\/22947"}],"wp:attachment":[{"href":"https:\/\/www.studioh.com.ve\/Home\/wp-json\/wp\/v2\/media?parent=1588"}],"curies":[{"name":"wp","href":"https:\/\/api.w.org\/{rel}","templated":true}]}}