{"id":1584,"date":"2016-11-08T07:10:27","date_gmt":"2016-11-08T07:10:27","guid":{"rendered":"http:\/\/www.studioh.com.ve\/Home\/?page_id=1584"},"modified":"2025-12-17T18:20:34","modified_gmt":"2025-12-17T18:20:34","slug":"diseno-grafico-publicitario-portafolio","status":"publish","type":"page","link":"https:\/\/www.studioh.com.ve\/Home\/diseno-grafico-publicitario-portafolio\/","title":{"rendered":"Dise\u00f1o Gr\u00e1fico"},"content":{"rendered":"<p>Dise\u00f1o\t\t\t\t\t\t\t\t\t\t\t\t\t\t<\/p>\n<p><!-- .container --><br \/>\n\t\t\t\t\t\t\t\t <!-- .overlay --><\/p>\n<p>Logotipos\t\t\t\t\t\t\t\t\t\t\t\t\t\t\t\t\t\t\t\t\t\t\t\t\t\t\t<\/p>\n<p><a><img loading=\"lazy\" decoding=\"async\" height=\"250\" width=\"367\" src=\"data:image\/svg+xml,%3Csvg%20xmlns%3D%22http%3A%2F%2Fwww.w3.org%2F2000%2Fsvg%22%20width%3D%22367%22%20height%3D%22250%22%20viewBox%3D%220%200%20367%20250%22%3E%3C%2Fsvg%3E\"><\/a><a><img loading=\"lazy\" decoding=\"async\" height=\"250\" width=\"367\" src=\"data:image\/svg+xml,%3Csvg%20xmlns%3D%22http%3A%2F%2Fwww.w3.org%2F2000%2Fsvg%22%20width%3D%22367%22%20height%3D%22250%22%20viewBox%3D%220%200%20367%20250%22%3E%3C%2Fsvg%3E\"><\/a><a><img loading=\"lazy\" decoding=\"async\" height=\"250\" width=\"367\" src=\"data:image\/svg+xml,%3Csvg%20xmlns%3D%22http%3A%2F%2Fwww.w3.org%2F2000%2Fsvg%22%20width%3D%22367%22%20height%3D%22250%22%20viewBox%3D%220%200%20367%20250%22%3E%3C%2Fsvg%3E\"><\/a><a><img loading=\"lazy\" decoding=\"async\" height=\"250\" width=\"367\" src=\"data:image\/svg+xml,%3Csvg%20xmlns%3D%22http%3A%2F%2Fwww.w3.org%2F2000%2Fsvg%22%20width%3D%22367%22%20height%3D%22250%22%20viewBox%3D%220%200%20367%20250%22%3E%3C%2Fsvg%3E\"><\/a><a><img loading=\"lazy\" decoding=\"async\" height=\"250\" width=\"367\" src=\"data:image\/svg+xml,%3Csvg%20xmlns%3D%22http%3A%2F%2Fwww.w3.org%2F2000%2Fsvg%22%20width%3D%22367%22%20height%3D%22250%22%20viewBox%3D%220%200%20367%20250%22%3E%3C%2Fsvg%3E\"><\/a><a><img loading=\"lazy\" decoding=\"async\" height=\"250\" width=\"367\" src=\"data:image\/svg+xml,%3Csvg%20xmlns%3D%22http%3A%2F%2Fwww.w3.org%2F2000%2Fsvg%22%20width%3D%22367%22%20height%3D%22250%22%20viewBox%3D%220%200%20367%20250%22%3E%3C%2Fsvg%3E\"><\/a><a><img loading=\"lazy\" decoding=\"async\" height=\"250\" width=\"367\" src=\"data:image\/svg+xml,%3Csvg%20xmlns%3D%22http%3A%2F%2Fwww.w3.org%2F2000%2Fsvg%22%20width%3D%22367%22%20height%3D%22250%22%20viewBox%3D%220%200%20367%20250%22%3E%3C%2Fsvg%3E\"><\/a><a><img loading=\"lazy\" decoding=\"async\" height=\"250\" width=\"367\" src=\"data:image\/svg+xml,%3Csvg%20xmlns%3D%22http%3A%2F%2Fwww.w3.org%2F2000%2Fsvg%22%20width%3D%22367%22%20height%3D%22250%22%20viewBox%3D%220%200%20367%20250%22%3E%3C%2Fsvg%3E\"><\/a><a><img loading=\"lazy\" decoding=\"async\" height=\"250\" width=\"367\" src=\"data:image\/svg+xml,%3Csvg%20xmlns%3D%22http%3A%2F%2Fwww.w3.org%2F2000%2Fsvg%22%20width%3D%22367%22%20height%3D%22250%22%20viewBox%3D%220%200%20367%20250%22%3E%3C%2Fsvg%3E\"><\/a><a><img loading=\"lazy\" decoding=\"async\" height=\"250\" width=\"367\" src=\"data:image\/svg+xml,%3Csvg%20xmlns%3D%22http%3A%2F%2Fwww.w3.org%2F2000%2Fsvg%22%20width%3D%22367%22%20height%3D%22250%22%20viewBox%3D%220%200%20367%20250%22%3E%3C%2Fsvg%3E\"><\/a><a><img loading=\"lazy\" decoding=\"async\" height=\"250\" width=\"367\" src=\"data:image\/svg+xml,%3Csvg%20xmlns%3D%22http%3A%2F%2Fwww.w3.org%2F2000%2Fsvg%22%20width%3D%22367%22%20height%3D%22250%22%20viewBox%3D%220%200%20367%20250%22%3E%3C%2Fsvg%3E\"><\/a><a><img loading=\"lazy\" decoding=\"async\" height=\"250\" width=\"367\" src=\"data:image\/svg+xml,%3Csvg%20xmlns%3D%22http%3A%2F%2Fwww.w3.org%2F2000%2Fsvg%22%20width%3D%22367%22%20height%3D%22250%22%20viewBox%3D%220%200%20367%20250%22%3E%3C%2Fsvg%3E\"><\/a><a><img loading=\"lazy\" decoding=\"async\" height=\"250\" width=\"367\" src=\"data:image\/svg+xml,%3Csvg%20xmlns%3D%22http%3A%2F%2Fwww.w3.org%2F2000%2Fsvg%22%20width%3D%22367%22%20height%3D%22250%22%20viewBox%3D%220%200%20367%20250%22%3E%3C%2Fsvg%3E\"><\/a><a><img loading=\"lazy\" decoding=\"async\" height=\"250\" width=\"367\" src=\"data:image\/svg+xml,%3Csvg%20xmlns%3D%22http%3A%2F%2Fwww.w3.org%2F2000%2Fsvg%22%20width%3D%22367%22%20height%3D%22250%22%20viewBox%3D%220%200%20367%20250%22%3E%3C%2Fsvg%3E\"><\/a><a><img loading=\"lazy\" decoding=\"async\" height=\"250\" width=\"367\" src=\"data:image\/svg+xml,%3Csvg%20xmlns%3D%22http%3A%2F%2Fwww.w3.org%2F2000%2Fsvg%22%20width%3D%22367%22%20height%3D%22250%22%20viewBox%3D%220%200%20367%20250%22%3E%3C%2Fsvg%3E\"><\/a><a><img loading=\"lazy\" decoding=\"async\" height=\"250\" width=\"367\" src=\"data:image\/svg+xml,%3Csvg%20xmlns%3D%22http%3A%2F%2Fwww.w3.org%2F2000%2Fsvg%22%20width%3D%22367%22%20height%3D%22250%22%20viewBox%3D%220%200%20367%20250%22%3E%3C%2Fsvg%3E\"><\/a><\/p>\n<p>Impresos\t\t\t\t\t\t\t\t\t\t\t\t\t\t\t\t\t\t\t\t\t\t\t\t\t\t\t<\/p>\n<p><a><img loading=\"lazy\" decoding=\"async\" height=\"250\" width=\"400\" src=\"data:image\/svg+xml,%3Csvg%20xmlns%3D%22http%3A%2F%2Fwww.w3.org%2F2000%2Fsvg%22%20width%3D%22400%22%20height%3D%22250%22%20viewBox%3D%220%200%20400%20250%22%3E%3C%2Fsvg%3E\"><\/a><a><img loading=\"lazy\" decoding=\"async\" height=\"250\" width=\"400\" src=\"data:image\/svg+xml,%3Csvg%20xmlns%3D%22http%3A%2F%2Fwww.w3.org%2F2000%2Fsvg%22%20width%3D%22400%22%20height%3D%22250%22%20viewBox%3D%220%200%20400%20250%22%3E%3C%2Fsvg%3E\"><\/a><a><img loading=\"lazy\" decoding=\"async\" height=\"250\" width=\"400\" src=\"data:image\/svg+xml,%3Csvg%20xmlns%3D%22http%3A%2F%2Fwww.w3.org%2F2000%2Fsvg%22%20width%3D%22400%22%20height%3D%22250%22%20viewBox%3D%220%200%20400%20250%22%3E%3C%2Fsvg%3E\"><\/a><a><img loading=\"lazy\" decoding=\"async\" height=\"250\" width=\"400\" src=\"data:image\/svg+xml,%3Csvg%20xmlns%3D%22http%3A%2F%2Fwww.w3.org%2F2000%2Fsvg%22%20width%3D%22400%22%20height%3D%22250%22%20viewBox%3D%220%200%20400%20250%22%3E%3C%2Fsvg%3E\"><\/a><a><img loading=\"lazy\" decoding=\"async\" height=\"250\" width=\"400\" src=\"data:image\/svg+xml,%3Csvg%20xmlns%3D%22http%3A%2F%2Fwww.w3.org%2F2000%2Fsvg%22%20width%3D%22400%22%20height%3D%22250%22%20viewBox%3D%220%200%20400%20250%22%3E%3C%2Fsvg%3E\"><\/a><a><img loading=\"lazy\" decoding=\"async\" height=\"250\" width=\"400\" src=\"data:image\/svg+xml,%3Csvg%20xmlns%3D%22http%3A%2F%2Fwww.w3.org%2F2000%2Fsvg%22%20width%3D%22400%22%20height%3D%22250%22%20viewBox%3D%220%200%20400%20250%22%3E%3C%2Fsvg%3E\"><\/a><a><img loading=\"lazy\" decoding=\"async\" height=\"250\" width=\"400\" src=\"data:image\/svg+xml,%3Csvg%20xmlns%3D%22http%3A%2F%2Fwww.w3.org%2F2000%2Fsvg%22%20width%3D%22400%22%20height%3D%22250%22%20viewBox%3D%220%200%20400%20250%22%3E%3C%2Fsvg%3E\"><\/a><a><img loading=\"lazy\" decoding=\"async\" height=\"250\" width=\"400\" src=\"data:image\/svg+xml,%3Csvg%20xmlns%3D%22http%3A%2F%2Fwww.w3.org%2F2000%2Fsvg%22%20width%3D%22400%22%20height%3D%22250%22%20viewBox%3D%220%200%20400%20250%22%3E%3C%2Fsvg%3E\"><\/a><a><img loading=\"lazy\" decoding=\"async\" height=\"250\" width=\"400\" src=\"data:image\/svg+xml,%3Csvg%20xmlns%3D%22http%3A%2F%2Fwww.w3.org%2F2000%2Fsvg%22%20width%3D%22400%22%20height%3D%22250%22%20viewBox%3D%220%200%20400%20250%22%3E%3C%2Fsvg%3E\"><\/a><a><img loading=\"lazy\" decoding=\"async\" height=\"250\" width=\"400\" src=\"data:image\/svg+xml,%3Csvg%20xmlns%3D%22http%3A%2F%2Fwww.w3.org%2F2000%2Fsvg%22%20width%3D%22400%22%20height%3D%22250%22%20viewBox%3D%220%200%20400%20250%22%3E%3C%2Fsvg%3E\"><\/a><\/p>\n<p>Avisos\t\t\t\t\t\t\t\t\t\t\t\t\t\t\t\t\t\t\t\t\t\t\t\t\t\t\t<\/p>\n<p><a><img loading=\"lazy\" decoding=\"async\" height=\"250\" width=\"400\" src=\"data:image\/svg+xml,%3Csvg%20xmlns%3D%22http%3A%2F%2Fwww.w3.org%2F2000%2Fsvg%22%20width%3D%22400%22%20height%3D%22250%22%20viewBox%3D%220%200%20400%20250%22%3E%3C%2Fsvg%3E\"><\/a><a><img loading=\"lazy\" decoding=\"async\" height=\"250\" width=\"400\" src=\"data:image\/svg+xml,%3Csvg%20xmlns%3D%22http%3A%2F%2Fwww.w3.org%2F2000%2Fsvg%22%20width%3D%22400%22%20height%3D%22250%22%20viewBox%3D%220%200%20400%20250%22%3E%3C%2Fsvg%3E\"><\/a><a><img loading=\"lazy\" decoding=\"async\" height=\"250\" width=\"400\" src=\"data:image\/svg+xml,%3Csvg%20xmlns%3D%22http%3A%2F%2Fwww.w3.org%2F2000%2Fsvg%22%20width%3D%22400%22%20height%3D%22250%22%20viewBox%3D%220%200%20400%20250%22%3E%3C%2Fsvg%3E\"><\/a><a><img loading=\"lazy\" decoding=\"async\" height=\"250\" width=\"400\" src=\"data:image\/svg+xml,%3Csvg%20xmlns%3D%22http%3A%2F%2Fwww.w3.org%2F2000%2Fsvg%22%20width%3D%22400%22%20height%3D%22250%22%20viewBox%3D%220%200%20400%20250%22%3E%3C%2Fsvg%3E\"><\/a><a><img loading=\"lazy\" decoding=\"async\" height=\"250\" width=\"400\" src=\"data:image\/svg+xml,%3Csvg%20xmlns%3D%22http%3A%2F%2Fwww.w3.org%2F2000%2Fsvg%22%20width%3D%22400%22%20height%3D%22250%22%20viewBox%3D%220%200%20400%20250%22%3E%3C%2Fsvg%3E\"><\/a><a><img loading=\"lazy\" decoding=\"async\" height=\"250\" width=\"400\" src=\"data:image\/svg+xml,%3Csvg%20xmlns%3D%22http%3A%2F%2Fwww.w3.org%2F2000%2Fsvg%22%20width%3D%22400%22%20height%3D%22250%22%20viewBox%3D%220%200%20400%20250%22%3E%3C%2Fsvg%3E\"><\/a><a><img loading=\"lazy\" decoding=\"async\" height=\"250\" width=\"400\" src=\"data:image\/svg+xml,%3Csvg%20xmlns%3D%22http%3A%2F%2Fwww.w3.org%2F2000%2Fsvg%22%20width%3D%22400%22%20height%3D%22250%22%20viewBox%3D%220%200%20400%20250%22%3E%3C%2Fsvg%3E\"><\/a><a><img loading=\"lazy\" decoding=\"async\" height=\"250\" width=\"400\" src=\"data:image\/svg+xml,%3Csvg%20xmlns%3D%22http%3A%2F%2Fwww.w3.org%2F2000%2Fsvg%22%20width%3D%22400%22%20height%3D%22250%22%20viewBox%3D%220%200%20400%20250%22%3E%3C%2Fsvg%3E\"><\/a><a><img loading=\"lazy\" decoding=\"async\" height=\"250\" width=\"400\" src=\"data:image\/svg+xml,%3Csvg%20xmlns%3D%22http%3A%2F%2Fwww.w3.org%2F2000%2Fsvg%22%20width%3D%22400%22%20height%3D%22250%22%20viewBox%3D%220%200%20400%20250%22%3E%3C%2Fsvg%3E\"><\/a><a><img loading=\"lazy\" decoding=\"async\" height=\"250\" width=\"400\" src=\"data:image\/svg+xml,%3Csvg%20xmlns%3D%22http%3A%2F%2Fwww.w3.org%2F2000%2Fsvg%22%20width%3D%22400%22%20height%3D%22250%22%20viewBox%3D%220%200%20400%20250%22%3E%3C%2Fsvg%3E\"><\/a><\/p>\n<p><!-- \/row --><\/p>\n<p><img decoding=\"async\" src=\"\/\/www.studioh.com.ve\/Home\/wp-content\/uploads\/2018\/12\/Slider-12.jpg\"><br \/>\nSlider 12PortafolioIniciamos cuando exist\u00eda FreeHand, hoy dise\u00f1amos en la Nube.<br \/>\n<a href=\"https:\/\/www.studioh.com.ve\/Home\/portafolio-fotografia-publicitaria\/\">Fotografias<\/a><\/p>\n","protected":false},"excerpt":{"rendered":"<p class=\"excerpt\">Dise\u00f1o Logotipos Impresos Avisos Slider 12PortafolioIniciamos cuando exist\u00eda FreeHand, hoy dise\u00f1amos en la Nube. Fotografias<\/p>\n","protected":false},"author":5,"featured_media":0,"parent":0,"menu_order":0,"comment_status":"closed","ping_status":"closed","template":"builder.php","meta":{"footnotes":""},"class_list":["post-1584","page","type-page","status-publish","hentry"],"yoast_head":"<!-- This site is optimized with the Yoast SEO plugin v27.2 - https:\/\/yoast.com\/product\/yoast-seo-wordpress\/ -->\n<title>Abstracta Agencia Digital | Dise\u00f1o Gr\u00e1fico Publicitario Portafolio<\/title>\n<meta name=\"description\" content=\"Nos dedicamos por medio del dise\u00f1o gr\u00e1fico publicitario a la creaci\u00f3n de toda manifestaci\u00f3n gr\u00e1fica que represente la imagen del cliente y sus marcas - Caracas - Venezuela\" \/>\n<meta name=\"robots\" content=\"index, follow, max-snippet:-1, max-image-preview:large, max-video-preview:-1\" \/>\n<link rel=\"canonical\" href=\"https:\/\/www.studioh.com.ve\/Home\/diseno-grafico-publicitario-portafolio\/\" \/>\n<meta property=\"og:locale\" content=\"es_ES\" \/>\n<meta property=\"og:type\" content=\"article\" \/>\n<meta property=\"og:title\" content=\"Abstracta Agencia Digital | Dise\u00f1o Gr\u00e1fico Publicitario Portafolio\" \/>\n<meta property=\"og:description\" content=\"Nos dedicamos por medio del dise\u00f1o gr\u00e1fico publicitario a la creaci\u00f3n de toda manifestaci\u00f3n gr\u00e1fica que represente la imagen del cliente y sus marcas - Caracas - Venezuela\" \/>\n<meta property=\"og:url\" content=\"https:\/\/www.studioh.com.ve\/Home\/diseno-grafico-publicitario-portafolio\/\" \/>\n<meta property=\"og:site_name\" content=\"Abstracta Marketing\" \/>\n<meta property=\"article:publisher\" content=\"https:\/\/www.facebook.com\/AbstractaCreative\" \/>\n<meta property=\"article:modified_time\" content=\"2025-12-17T18:20:34+00:00\" \/>\n<meta property=\"og:image\" content=\"https:\/\/www.studioh.com.ve\/Home\/wp-content\/uploads\/2017\/10\/Facebook2017.jpg\" \/>\n\t<meta property=\"og:image:width\" content=\"600\" \/>\n\t<meta property=\"og:image:height\" content=\"300\" \/>\n\t<meta property=\"og:image:type\" content=\"image\/jpeg\" \/>\n<meta name=\"twitter:card\" content=\"summary_large_image\" \/>\n<meta name=\"twitter:site\" content=\"@AbstractaCM\" \/>\n<script type=\"application\/ld+json\" class=\"yoast-schema-graph\">{\"@context\":\"https:\/\/schema.org\",\"@graph\":[{\"@type\":\"WebPage\",\"@id\":\"https:\/\/www.studioh.com.ve\/Home\/diseno-grafico-publicitario-portafolio\/\",\"url\":\"https:\/\/www.studioh.com.ve\/Home\/diseno-grafico-publicitario-portafolio\/\",\"name\":\"Abstracta Agencia Digital | Dise\u00f1o Gr\u00e1fico Publicitario Portafolio\",\"isPartOf\":{\"@id\":\"https:\/\/www.studioh.com.ve\/Home\/#website\"},\"datePublished\":\"2016-11-08T07:10:27+00:00\",\"dateModified\":\"2025-12-17T18:20:34+00:00\",\"description\":\"Nos dedicamos por medio del dise\u00f1o gr\u00e1fico publicitario a la creaci\u00f3n de toda manifestaci\u00f3n gr\u00e1fica que represente la imagen del cliente y sus marcas - Caracas - Venezuela\",\"breadcrumb\":{\"@id\":\"https:\/\/www.studioh.com.ve\/Home\/diseno-grafico-publicitario-portafolio\/#breadcrumb\"},\"inLanguage\":\"es\",\"potentialAction\":[{\"@type\":\"ReadAction\",\"target\":[\"https:\/\/www.studioh.com.ve\/Home\/diseno-grafico-publicitario-portafolio\/\"]}]},{\"@type\":\"BreadcrumbList\",\"@id\":\"https:\/\/www.studioh.com.ve\/Home\/diseno-grafico-publicitario-portafolio\/#breadcrumb\",\"itemListElement\":[{\"@type\":\"ListItem\",\"position\":1,\"name\":\"Creaci\u00f3n de Imagen para la Internet de Hoy\",\"item\":\"https:\/\/www.studioh.com.ve\/Home\/\"},{\"@type\":\"ListItem\",\"position\":2,\"name\":\"Dise\u00f1o Gr\u00e1fico\"}]},{\"@type\":\"WebSite\",\"@id\":\"https:\/\/www.studioh.com.ve\/Home\/#website\",\"url\":\"https:\/\/www.studioh.com.ve\/Home\/\",\"name\":\"Abstracta Marketing\",\"description\":\"Agencia Dedicada al Marketing Digital\",\"publisher\":{\"@id\":\"https:\/\/www.studioh.com.ve\/Home\/#organization\"},\"potentialAction\":[{\"@type\":\"SearchAction\",\"target\":{\"@type\":\"EntryPoint\",\"urlTemplate\":\"https:\/\/www.studioh.com.ve\/Home\/?s={search_term_string}\"},\"query-input\":{\"@type\":\"PropertyValueSpecification\",\"valueRequired\":true,\"valueName\":\"search_term_string\"}}],\"inLanguage\":\"es\"},{\"@type\":\"Organization\",\"@id\":\"https:\/\/www.studioh.com.ve\/Home\/#organization\",\"name\":\"Abstracta Marketing\",\"url\":\"https:\/\/www.studioh.com.ve\/Home\/\",\"logo\":{\"@type\":\"ImageObject\",\"inLanguage\":\"es\",\"@id\":\"https:\/\/www.studioh.com.ve\/Home\/#\/schema\/logo\/image\/\",\"url\":\"https:\/\/www.studioh.com.ve\/Home\/wp-content\/uploads\/2016\/09\/logo-studio-h.png\",\"contentUrl\":\"https:\/\/www.studioh.com.ve\/Home\/wp-content\/uploads\/2016\/09\/logo-studio-h.png\",\"width\":120,\"height\":120,\"caption\":\"Abstracta Marketing\"},\"image\":{\"@id\":\"https:\/\/www.studioh.com.ve\/Home\/#\/schema\/logo\/image\/\"},\"sameAs\":[\"https:\/\/www.facebook.com\/AbstractaCreative\",\"https:\/\/x.com\/AbstractaCM\",\"https:\/\/www.instagram.com\/abstractacreative\/\",\"https:\/\/www.linkedin.com\/in\/juan-carlos-hazanow-8b330896\/\",\"https:\/\/www.pinterest.es\/studiohabstracta\/\",\"https:\/\/www.youtube.com\/user\/studiohabstracta?feature=mhee\"]}]}<\/script>\n<!-- \/ Yoast SEO plugin. -->","yoast_head_json":{"title":"Abstracta Agencia Digital | Dise\u00f1o Gr\u00e1fico Publicitario Portafolio","description":"Nos dedicamos por medio del dise\u00f1o gr\u00e1fico publicitario a la creaci\u00f3n de toda manifestaci\u00f3n gr\u00e1fica que represente la imagen del cliente y sus marcas - Caracas - Venezuela","robots":{"index":"index","follow":"follow","max-snippet":"max-snippet:-1","max-image-preview":"max-image-preview:large","max-video-preview":"max-video-preview:-1"},"canonical":"https:\/\/www.studioh.com.ve\/Home\/diseno-grafico-publicitario-portafolio\/","og_locale":"es_ES","og_type":"article","og_title":"Abstracta Agencia Digital | Dise\u00f1o Gr\u00e1fico Publicitario Portafolio","og_description":"Nos dedicamos por medio del dise\u00f1o gr\u00e1fico publicitario a la creaci\u00f3n de toda manifestaci\u00f3n gr\u00e1fica que represente la imagen del cliente y sus marcas - Caracas - Venezuela","og_url":"https:\/\/www.studioh.com.ve\/Home\/diseno-grafico-publicitario-portafolio\/","og_site_name":"Abstracta Marketing","article_publisher":"https:\/\/www.facebook.com\/AbstractaCreative","article_modified_time":"2025-12-17T18:20:34+00:00","og_image":[{"width":600,"height":300,"url":"https:\/\/www.studioh.com.ve\/Home\/wp-content\/uploads\/2017\/10\/Facebook2017.jpg","type":"image\/jpeg"}],"twitter_card":"summary_large_image","twitter_site":"@AbstractaCM","schema":{"@context":"https:\/\/schema.org","@graph":[{"@type":"WebPage","@id":"https:\/\/www.studioh.com.ve\/Home\/diseno-grafico-publicitario-portafolio\/","url":"https:\/\/www.studioh.com.ve\/Home\/diseno-grafico-publicitario-portafolio\/","name":"Abstracta Agencia Digital | Dise\u00f1o Gr\u00e1fico Publicitario Portafolio","isPartOf":{"@id":"https:\/\/www.studioh.com.ve\/Home\/#website"},"datePublished":"2016-11-08T07:10:27+00:00","dateModified":"2025-12-17T18:20:34+00:00","description":"Nos dedicamos por medio del dise\u00f1o gr\u00e1fico publicitario a la creaci\u00f3n de toda manifestaci\u00f3n gr\u00e1fica que represente la imagen del cliente y sus marcas - Caracas - Venezuela","breadcrumb":{"@id":"https:\/\/www.studioh.com.ve\/Home\/diseno-grafico-publicitario-portafolio\/#breadcrumb"},"inLanguage":"es","potentialAction":[{"@type":"ReadAction","target":["https:\/\/www.studioh.com.ve\/Home\/diseno-grafico-publicitario-portafolio\/"]}]},{"@type":"BreadcrumbList","@id":"https:\/\/www.studioh.com.ve\/Home\/diseno-grafico-publicitario-portafolio\/#breadcrumb","itemListElement":[{"@type":"ListItem","position":1,"name":"Creaci\u00f3n de Imagen para la Internet de Hoy","item":"https:\/\/www.studioh.com.ve\/Home\/"},{"@type":"ListItem","position":2,"name":"Dise\u00f1o Gr\u00e1fico"}]},{"@type":"WebSite","@id":"https:\/\/www.studioh.com.ve\/Home\/#website","url":"https:\/\/www.studioh.com.ve\/Home\/","name":"Abstracta Marketing","description":"Agencia Dedicada al Marketing Digital","publisher":{"@id":"https:\/\/www.studioh.com.ve\/Home\/#organization"},"potentialAction":[{"@type":"SearchAction","target":{"@type":"EntryPoint","urlTemplate":"https:\/\/www.studioh.com.ve\/Home\/?s={search_term_string}"},"query-input":{"@type":"PropertyValueSpecification","valueRequired":true,"valueName":"search_term_string"}}],"inLanguage":"es"},{"@type":"Organization","@id":"https:\/\/www.studioh.com.ve\/Home\/#organization","name":"Abstracta Marketing","url":"https:\/\/www.studioh.com.ve\/Home\/","logo":{"@type":"ImageObject","inLanguage":"es","@id":"https:\/\/www.studioh.com.ve\/Home\/#\/schema\/logo\/image\/","url":"https:\/\/www.studioh.com.ve\/Home\/wp-content\/uploads\/2016\/09\/logo-studio-h.png","contentUrl":"https:\/\/www.studioh.com.ve\/Home\/wp-content\/uploads\/2016\/09\/logo-studio-h.png","width":120,"height":120,"caption":"Abstracta Marketing"},"image":{"@id":"https:\/\/www.studioh.com.ve\/Home\/#\/schema\/logo\/image\/"},"sameAs":["https:\/\/www.facebook.com\/AbstractaCreative","https:\/\/x.com\/AbstractaCM","https:\/\/www.instagram.com\/abstractacreative\/","https:\/\/www.linkedin.com\/in\/juan-carlos-hazanow-8b330896\/","https:\/\/www.pinterest.es\/studiohabstracta\/","https:\/\/www.youtube.com\/user\/studiohabstracta?feature=mhee"]}]}},"_links":{"self":[{"href":"https:\/\/www.studioh.com.ve\/Home\/wp-json\/wp\/v2\/pages\/1584","targetHints":{"allow":["GET"]}}],"collection":[{"href":"https:\/\/www.studioh.com.ve\/Home\/wp-json\/wp\/v2\/pages"}],"about":[{"href":"https:\/\/www.studioh.com.ve\/Home\/wp-json\/wp\/v2\/types\/page"}],"author":[{"embeddable":true,"href":"https:\/\/www.studioh.com.ve\/Home\/wp-json\/wp\/v2\/users\/5"}],"replies":[{"embeddable":true,"href":"https:\/\/www.studioh.com.ve\/Home\/wp-json\/wp\/v2\/comments?post=1584"}],"version-history":[{"count":54,"href":"https:\/\/www.studioh.com.ve\/Home\/wp-json\/wp\/v2\/pages\/1584\/revisions"}],"predecessor-version":[{"id":22948,"href":"https:\/\/www.studioh.com.ve\/Home\/wp-json\/wp\/v2\/pages\/1584\/revisions\/22948"}],"wp:attachment":[{"href":"https:\/\/www.studioh.com.ve\/Home\/wp-json\/wp\/v2\/media?parent=1584"}],"curies":[{"name":"wp","href":"https:\/\/api.w.org\/{rel}","templated":true}]}}